{"id":1014,"date":"2017-07-14T15:57:56","date_gmt":"2017-07-14T13:57:56","guid":{"rendered":"http:\/\/www.birds-online.de\/wp\/?page_id=1014"},"modified":"2024-03-22T06:43:19","modified_gmt":"2024-03-22T05:43:19","slug":"legenot-erkennen","status":"publish","type":"page","link":"https:\/\/www.birds-online.de\/wp\/bo\/zucht\/probleme-bei-der-zucht\/legenot-erkennen\/","title":{"rendered":"Legenot"},"content":{"rendered":"\t\t\t<!-- Flexy Breadcrumb -->\r\n\t\t\t<div class=\"fbc fbc-page\">\r\n\r\n\t\t\t\t<!-- Breadcrumb wrapper -->\r\n\t\t\t\t<div class=\"fbc-wrap\">\r\n\r\n\t\t\t\t\t<!-- Ordered list-->\r\n\t\t\t\t\t<ol class=\"fbc-items\" itemscope itemtype=\"https:\/\/schema.org\/BreadcrumbList\">\r\n\t\t\t\t\t\t            <li itemprop=\"itemListElement\" itemscope itemtype=\"https:\/\/schema.org\/ListItem\">\r\n                <span itemprop=\"name\">\r\n                    <!-- Home Link -->\r\n                    <a itemprop=\"item\" href=\"https:\/\/www.birds-online.de\/wp\">\r\n                    \r\n                                                    <i class=\"fa fa-home\" aria-hidden=\"true\"><\/i>                    <\/a>\r\n                <\/span>\r\n                <meta itemprop=\"position\" content=\"1\" \/><!-- Meta Position-->\r\n             <\/li><li><span class=\"fbc-separator\">>><\/span><\/li><li class=\"active\" itemprop=\"itemListElement\" itemscope itemtype=\"https:\/\/schema.org\/ListItem\"><span itemprop=\"name\" title=\"Legenot\">Legenot<\/span><meta itemprop=\"position\" content=\"2\" \/><\/li>\t\t\t\t\t<\/ol>\r\n\t\t\t\t\t<div class=\"clearfix\"><\/div>\r\n\t\t\t\t<\/div>\r\n\t\t\t<\/div>\r\n\t\t\t\n\n\n\n<h2 class=\"wp-block-heading\">Legenot erkennen<\/h2>\n\n\n<div class=\"wp-block-image\">\n<figure class=\"alignright\"><a href=\"https:\/\/www.birds-online.de\/wp-content\/uploads\/2018\/09\/legenot02.jpg\" data-src=\"https:\/\/www.birds-online.de\/wp-content\/uploads\/2018\/09\/legenot02.jpg\" data-thumb=\"https:\/\/www.birds-online.de\/wp-content\/uploads\/2018\/09\/legenot02-300x225.jpg\" class=\"ml-lightbox-enabled\"><img loading=\"lazy\" decoding=\"async\" width=\"300\" height=\"225\" src=\"https:\/\/www.birds-online.de\/wp-content\/uploads\/2018\/09\/legenot02-300x225.jpg\" alt=\"Dieser Bourkesittich nestelt am Gefieder, weil der Bauch wegen einer Legenot schmerzt\" class=\"wp-image-5112\" srcset=\"https:\/\/www.birds-online.de\/wp-content\/uploads\/2018\/09\/legenot02-300x225.jpg 300w, https:\/\/www.birds-online.de\/wp-content\/uploads\/2018\/09\/legenot02-768x576.jpg 768w, https:\/\/www.birds-online.de\/wp-content\/uploads\/2018\/09\/legenot02-700x525.jpg 700w, https:\/\/www.birds-online.de\/wp-content\/uploads\/2018\/09\/legenot02.jpg 800w\" sizes=\"auto, (max-width: 300px) 100vw, 300px\" \/><\/a><figcaption class=\"wp-element-caption\">Dieser Bourkesittich nestelt am Gefieder, weil der Bauch wegen einer Legenot schmerzt<\/figcaption><\/figure>\n<\/div>\n\n\n<p>Unter dem Begriff Legenot versteht man Probleme bei der Eiablage. Das hei\u00dft, das Vogelweibchen ger\u00e4t beim Legen in Not. In den meisten F\u00e4llen ist eine Legenot darauf zur\u00fcckzuf\u00fchren, dass das Ei im K\u00f6rperinneren feststeckt und vom Vogelweibchen nur unter gr\u00f6\u00dfter Anstrengung gelegt werden kann. Mitunter kommt es sogar vor, dass die Tiere die Eier gar nicht aus eigener Kraft legen k\u00f6nnen, was dann h\u00e4ufig mit dem Tode endet. Eine weitere Komplikation, die sich mitunter aus einer Legenot entwickelt, ist ein <a href=\"https:\/\/www.birds-online.de\/wp\/bo\/zucht\/probleme-bei-der-zucht\/kloakenvorfall\/\">Legedarm- oder Kloakenvorfall<\/a>. Hierbei rutscht der Legedarm mit dem daran haftenden Ei aus dem K\u00f6rper, was f\u00fcr den betroffenen Vogel Lebensgefahr bedeutet.<\/p>\n\n\n\n<p>Um eine Legenot so fr\u00fch wie m\u00f6glich zu erkennen, ist es wichtig, die Hintergr\u00fcnde dieser gesundheitlichen Komplikation genau zu verstehen. Vor allem Z\u00fcchter sollten deshalb \u00fcber das n\u00f6tige Grundwissen \u00fcber die Legenot verf\u00fcgen. Allerdings kann sie ebenso bei Nicht-Z\u00fcchtern auftreten, denn kein Vogelweibchen, das Eier legt, ist davor sicher.<\/p>\n\n\n\n<h3 class=\"wp-block-heading\">Welche Vogelweibchen k\u00f6nnen eine Legenot erleiden?<\/h3>\n\n\n<div class=\"wp-block-image\">\n<figure class=\"alignright is-resized\"><a href=\"https:\/\/www.birds-online.de\/wp-content\/uploads\/2020\/04\/legenot08.jpg\" data-src=\"https:\/\/www.birds-online.de\/wp-content\/uploads\/2020\/04\/legenot08.jpg\" data-thumb=\"https:\/\/www.birds-online.de\/wp-content\/uploads\/2020\/04\/legenot08.jpg\" class=\"ml-lightbox-enabled\"><img loading=\"lazy\" decoding=\"async\" width=\"600\" height=\"800\" src=\"https:\/\/www.birds-online.de\/wp-content\/uploads\/2020\/04\/legenot08.jpg\" alt=\"Dieses Wellensittichweibchen leidet an einer Legenot und atmet schwer\" class=\"wp-image-16255\" style=\"width:300px\" srcset=\"https:\/\/www.birds-online.de\/wp-content\/uploads\/2020\/04\/legenot08.jpg 600w, https:\/\/www.birds-online.de\/wp-content\/uploads\/2020\/04\/legenot08-225x300.jpg 225w\" sizes=\"auto, (max-width: 600px) 100vw, 600px\" \/><\/a><figcaption class=\"wp-element-caption\">Dieses Wellensittichweibchen leidet an einer Legenot und atmet schwer<\/figcaption><\/figure>\n<\/div>\n\n\n<p>Sowohl alte als auch junge beziehungsweise unerfahrene oder in Bezug auf das Eierlegen routinierte Weibchen sind potenziell in Gefahr. Jedoch ist das Risiko unter bestimmten Umst\u00e4nden h\u00f6her. Einige typische Risikofaktoren sind:<\/p>\n\n\n\n<ul class=\"wp-block-list\">\n<li>vorhandene Grunderkrankungen, die zu einer allgemeinen Schw\u00e4chung f\u00fchren<\/li>\n\n\n\n<li>vorherige Verausgabung durch das Legen zu vieler Eier<\/li>\n\n\n\n<li>hohes Alter (bei Wellensittichen ist hiermit ein Alter von etwa acht Jahren und mehr gemeint)<\/li>\n\n\n\n<li>starkes \u00dcbergewicht<\/li>\n\n\n\n<li>unausgewogene, nicht ausreichend n\u00e4hrstoffhaltige Ern\u00e4hrung im Vorfeld der Brutperiode.<\/li>\n<\/ul>\n\n\n\n<p>Bevor Wellensittiche zur Zucht eingesetzt werden, empfiehlt es sich deshalb, sicherheitshalber einen <a href=\"https:\/\/www.birds-online.de\/wp\/bo\/gesundheit-handicaps\/gesundheit\/allgemein\/tierarztbesuch\/vogelkundige-tieraerzte\/\">vogelkundigen Tierarzt<\/a> aufzusuchen und die Zuchttiere durchchecken zu lassen. Eventuell vorhandene und bis dahin unentdeckte gesundheitliche Probleme werden bei einer solchen Untersuchung h\u00e4ufig aufgedeckt. K\u00f6nnen sie nicht behandelt werden, wird der Tierarzt h\u00f6chstwahrscheinlich empfehlen, mit den betroffenen V\u00f6geln (vorerst) nicht zu z\u00fcchten.<\/p>\n\n\n\n<p>Indem man die V\u00f6gel untersuchen l\u00e4sst, kann man manche Risikofaktoren somit im Vorfeld erkennen und m\u00f6glicherweise beheben. Dennoch kann es trotzdem sp\u00e4ter zu einer Legenot kommen \u2013 in manchen F\u00e4llen tritt sie sogar bei V\u00f6geln auf, die als kerngesund gelten. Ein gewisses Restrisiko besteht somit immer. Umso wachsamer sollten Z\u00fcchter sein, wenn die Eiablage bei den Weibchen bevorsteht. Falls sich Anzeichen einer Legenot beobachten lassen, ist umgehend ein fachkundiger Tierarzt aufzusuchen.<\/p>\n\n\n\n<h3 class=\"wp-block-heading\">Worin \u00e4u\u00dfert sich eine Legenot?<\/h3>\n\n\n\n<p>Ein Vogel, der unter einer Legenot leidet, sitzt im Anfangsstadium meist schwer atmend, mit aufgeplustertem Gefieder und breitbeinig da. Meist verweigert das Tier die Nahrungsaufnahme und l\u00e4sst sich auch nicht vom Partner f\u00fcttern. Innerhalb von Stunden wird der Vogel zusehends schw\u00e4cher, weil er das Ei auch durch starkes Pressen nicht aus dem Legedarm bringen. Dieses wiederholte erfolglose Pressen ist eine gro\u00dfe Belastung f\u00fcr den K\u00f6rper und l\u00e4sst das Vogelweibchen erm\u00fcden. Damit einher geht oftmals, dass die V\u00f6gel unter starken Schwankungen ihrer K\u00f6rpertemperatur leiden: Beim Pressen \u00fcberhitzen sie vor\u00fcbergehend, um dann kurz danach stark zu frieren.<\/p>\n\n\n\n<p>Es ist zudem davon auszugehen, dass dieser Zustand sehr schmerzhaft f\u00fcr den betroffenen Vogel ist. Im Bauch dr\u00fcckt ein gro\u00dfer Gegenstand auf die inneren Organe und bei jeder Muskelkontraktion, also beim Zusammenziehen der Muskeln und somit beim Pressen, wird der Druck umso gr\u00f6\u00dfer und wahrscheinlich schmerzhafter. Wir k\u00f6nnen V\u00f6gel zwar nicht danach fragen, aber vermutlich ist es mit den Wehen werdender menschlicher M\u00fctter zu vergleichen. Ein weiterer Aspekt kommt bei den V\u00f6geln noch hinzu: Das Ei blockiert den Darm, weshalb kein Kot abgesetzt werden kann. Somit erleiden die V\u00f6gel obendrein eine Verstopfung, die ihrerseits zu noch mehr Druck im Bauch f\u00fchrt.<\/p>\n\n\n\n<p>Angesichts dieser Tatsache verwundert es nicht, dass sich viele&nbsp;betroffene Vogelweibchen in ihrer Verzweiflung die Federn am Bauch und rund um die Kloake ausrei\u00dfen. Manche V\u00f6gel rupfen derma\u00dfen stark, dass sie sich blutende Wunden zuf\u00fcgen. Zudem kann es vorkommen, dass sich die Tiere selbst bei\u00dfen und so zus\u00e4tzlich zu ihrer Legenot einen Blutverlust erleiden, der sie weiter schw\u00e4cht.<\/p>\n\n\n\n<p>Je l\u00e4nger der Zustand andauert, umso mehr w\u00e4chst die Ersch\u00f6pfung. An einer fortgeschrittenen Legenot leidende Vogelweibchen k\u00f6nnen sich irgendwann nicht mehr auf den Beinen halten und legen sich auf den Bauch.&nbsp;Einige Tiere sind derma\u00dfen entkr\u00e4ftet, dass sie ihren Kopf kaum noch heben k\u00f6nnen. Er liegt auf dem Boden, die Fl\u00fcgel sacken seitlich weg und das Atmen f\u00e4llt zunehmend schwerer. Hierdurch sinkt die Sauerstoffs\u00e4ttigung im Blut, was den gesamten K\u00f6rper und vor allem das Herz-Kreislauf-System massiv belastet.&nbsp;Das bedeutet, der Allgemeinzustand verschlechtert sich dann rapide.<\/p>\n\n\n\n<h3 class=\"wp-block-heading\">Videobeispiel<\/h3>\n\n\n\n<p>Im folgenden Videobeispiel ist ein Katharinasittichweibchen zu sehen, das an einer Legenot litt. Deshalb musste ich (die Autorin von Birds-online.de) eingreifen und ich habe zum besseren Gleiten ein wenig \u00d6l in die Kloake eingetr\u00e4ufelt und einmassiert, siehe auch <a href=\"#Behandlung\">weiter unten<\/a>. Danach habe ich es einwirken lassen, um anschlie\u00dfend den Vogel beim nat\u00fcrlichen Pressen durch eine vorsichtige Massage zu unterst\u00fctzen. So konnte das Ei letztlich zum Gl\u00fcck legen.<\/p>\n\n\n\n<p>Kurz nach dem Eingeben des \u00d6ls habe ich den Vogel einige Minuten in Ruhe gelassen, weil sich die Fl\u00fcssigkeit im Darm verteilen musste. Diese Zeit habe ich genutzt, um das Video anzufertigen. Weil wir gerade warten mussten und nichts weiter tun konnten, musste das Vogelweibchen nicht zus\u00e4tzlich oder unn\u00f6tig leiden, damit der Film entstehen konnte. Das zu betonen, ist mir sehr wichtig.<\/p>\n\n\n\n<p>Woran ist im Video die Legenot zu erkennen? Das sind die Symptome:<\/p>\n\n\n\n<ul class=\"wp-block-list\">\n<li>Der Vogel kneift vor lauter Ersch\u00f6pfung ihre Augenlider zusammen.<\/li>\n\n\n\n<li>Das Tier atmet schwer (erkennbar an der pumpenden K\u00f6rperbewegung).<\/li>\n\n\n\n<li>Das Weibchen&nbsp; macht einen &#8220;Buckel&#8221; und str\u00e4ubt die Federn am unteren R\u00fccken, weil sie Schmerzen hat.<\/li>\n\n\n\n<li>Der Bauch ist sichtbar geschwollen.<\/li>\n\n\n\n<li>Weil sie sich unwohl f\u00fchlt und vermutlich so etwas wie stechende Wehenschmerzen empfunden hat, hat sie ihren Schwanz aufgef\u00e4chert. Das ist f\u00fcr Katharinasittiche in solchen Situationen typisch, aber nicht unbedingt f\u00fcr andere Vogelarten.<\/li>\n\n\n\n<li>Der Vogel gibt leise &#8220;Jammerlaute&#8221; von sich.<\/li>\n<\/ul>\n\n\n\n<div style=\"height:40px\" aria-hidden=\"true\" class=\"wp-block-spacer\"><\/div>\n\n\n\n<figure class=\"wp-block-video\"><video height=\"1080\" style=\"aspect-ratio: 1920 \/ 1080;\" width=\"1920\" controls src=\"https:\/\/www.birds-online.de\/wp-content\/uploads\/2022\/01\/legenot.mp4\"><\/video><figcaption class=\"wp-element-caption\">An einer Legenot leidendes Katharinasittichweibchen<\/figcaption><\/figure>\n\n\n\n<h3 class=\"wp-block-heading\">Was im Falle einer Legenot zu tun ist<\/h3>\n\n\n<div class=\"wp-block-image\">\n<figure class=\"alignright\"><a href=\"https:\/\/www.birds-online.de\/wp-content\/uploads\/2018\/09\/legenot05.jpg\" data-src=\"https:\/\/www.birds-online.de\/wp-content\/uploads\/2018\/09\/legenot05.jpg\" data-thumb=\"https:\/\/www.birds-online.de\/wp-content\/uploads\/2018\/09\/legenot05-300x225.jpg\" class=\"ml-lightbox-enabled\"><img loading=\"lazy\" decoding=\"async\" width=\"300\" height=\"225\" src=\"https:\/\/www.birds-online.de\/wp-content\/uploads\/2018\/09\/legenot05-300x225.jpg\" alt=\"Das Ei im Bauch dieses Wellensittichs konnte nicht gelegt werden\" class=\"wp-image-5115\" srcset=\"https:\/\/www.birds-online.de\/wp-content\/uploads\/2018\/09\/legenot05-300x225.jpg 300w, https:\/\/www.birds-online.de\/wp-content\/uploads\/2018\/09\/legenot05-768x576.jpg 768w, https:\/\/www.birds-online.de\/wp-content\/uploads\/2018\/09\/legenot05-700x525.jpg 700w, https:\/\/www.birds-online.de\/wp-content\/uploads\/2018\/09\/legenot05.jpg 800w\" sizes=\"auto, (max-width: 300px) 100vw, 300px\" \/><\/a><figcaption class=\"wp-element-caption\">Das Ei im Bauch dieses Wellensittichs konnte nicht gelegt werden<\/figcaption><\/figure>\n<\/div>\n\n\n<p>Werden die Symptome einer Legenot beobachtet, hat man es mit einem akuten Notfall zu tun. Exakte Zeitangaben, wie lang ein Vogel durchh\u00e4lt, gibt es nicht. Jedoch gab es schon mehrere F\u00e4lle, in denen die Tiere innerhalb von zw\u00f6lf Stunden gestorben sind, in Extremf\u00e4llen sogar noch deutlich fr\u00fcher.<\/p>\n\n\n\n<p>F\u00fcr den Vogelhalter hei\u00dft dies demnach, schon beim geringsten Verdacht auf eine Legenot umgehend einen nach M\u00f6glichkeit vogelkundigen Tierarzt aufzusuchen, der dem betroffenen Vogelweibchen helfen kann. Dies gilt auch dann, wenn die Legenot am Wochenende, an einem Feiertag oder sp\u00e4t am Abend eintritt. H\u00e4ufig \u00fcberleben die Vogelweibchen diesen ernsten Zustand nicht bis zum n\u00e4chsten Morgen oder bis zu einem sp\u00e4teren Zeitpunkt, an dem Tierarztpraxen wieder ge\u00f6ffnet sind. Es ist also unbedingt erforderlich, au\u00dferhalb der regul\u00e4ren \u00d6ffnungszeiten den tier\u00e4rztlichen Notdienst oder eine Tierklinik aufzusuchen, obwohl dies meist hei\u00dft, dass man nicht unbedingt einen vogelkundigen Tierarzt antrifft. In einem solchen Notfall gilt die Devise: Ein nicht vogelkundiger Tierarzt ist besser als gar keiner \u2013 so hat der Vogel zumindest eine kleine Chance, die f\u00fcr ihn belastende Situation zu \u00fcberleben.<\/p>\n\n\n\n<p>Halten Sie das Vogelweibchen w\u00e4hrend des Transports zum Arzt unbedingt m\u00f6glichst warm, aber nicht zu warm. Denn auch auf dem Weg zum Arzt kann es vorkommen, dass die Tiere weiterhin zu pressen versuchen und vor\u00fcbergehend \u00fcberhitzen, nur um danach wieder zu frieren. Au\u00dferdem ist es f\u00fcr die Tiere hilfreich, wenn sie m\u00f6glichst ersch\u00fctterungsarm transportiert werden. Jede st\u00e4rkere Vibration des Untergrundes \u00fcbertr\u00e4gt sich auf den Vogel \u2013 und wer schon einmal mit Bauchschmerzen \u00fcber eine holprige Stra\u00dfe gefahren ist, wird sich vermutlich ausmalen k\u00f6nnen, was das f\u00fcr an einer Legenot leidende Vogelweibchen bedeutet.<\/p>\n\n\n\n<h3 class=\"wp-block-heading\"><a id=\"Behandlung\"><\/a>Welche Behandlungsm\u00f6glichkeiten gibt es?<\/h3>\n\n\n<div class=\"wp-block-image\">\n<figure class=\"alignright\"><a href=\"https:\/\/www.birds-online.de\/wp-content\/uploads\/2018\/09\/legenot03.jpg\" data-src=\"https:\/\/www.birds-online.de\/wp-content\/uploads\/2018\/09\/legenot03.jpg\" data-thumb=\"https:\/\/www.birds-online.de\/wp-content\/uploads\/2018\/09\/legenot03-300x225.jpg\" class=\"ml-lightbox-enabled\"><img loading=\"lazy\" decoding=\"async\" width=\"300\" height=\"225\" src=\"https:\/\/www.birds-online.de\/wp-content\/uploads\/2018\/09\/legenot03-300x225.jpg\" alt=\"Der Bauch und die Kloakengegend dieses Katharinasittichs sind wegen einer Legenot geschwollen und ger\u00f6tet\" class=\"wp-image-5113\" srcset=\"https:\/\/www.birds-online.de\/wp-content\/uploads\/2018\/09\/legenot03-300x225.jpg 300w, https:\/\/www.birds-online.de\/wp-content\/uploads\/2018\/09\/legenot03-768x576.jpg 768w, https:\/\/www.birds-online.de\/wp-content\/uploads\/2018\/09\/legenot03-700x525.jpg 700w, https:\/\/www.birds-online.de\/wp-content\/uploads\/2018\/09\/legenot03.jpg 800w\" sizes=\"auto, (max-width: 300px) 100vw, 300px\" \/><\/a><figcaption class=\"wp-element-caption\">Der Bauch und die Kloakengegend dieses Katharinasittichs sind wegen einer Legenot geschwollen und ger\u00f6tet<\/figcaption><\/figure>\n<\/div>\n\n\n<p>Wird eine Legenot rechtzeitig erkannt, kann der Tierarzt den Vogel in den meisten F\u00e4llen retten, indem er das Ei fachkundig entfernt \u2013 zum Beispiel mit Gleitmittel wie zum Beispiel Speise\u00f6l und einer Massage sowie der Verabreichung von Kalzium. In manchen F\u00e4llen ist das Entfernen des Eis jedoch nur durch eine Notoperation m\u00f6glich. Diese erfolgt unter Vollnarkose. Daf\u00fcr ist es hilfreich, wenn der Allgemeinzustand des Vogels noch einigerma\u00dfen stabil ist. Liegen bereits schwere Beeintr\u00e4chtigungen des Herz-Kreislauf-Systems vor, geht von der Narkose ein hohes Risiko aus. Doch ohne Operation \u00fcberleben viele V\u00f6gel mit schwerer Legenot nicht, weshalb dieser Versuch trotz aller Gefahren unternommen werden sollte, falls der behandelnde Tierarzt es f\u00fcr n\u00f6tig erachtet.<\/p>\n\n\n\n<p>Ganz wichtig ist, dass Vogelhalter niemals selbst versuchen sollten, ein Ei aus dem K\u00f6rper eines Vogelweibchens zu massieren. Das Ei k\u00f6nnte bei unsachgem\u00e4\u00dfer Behandlung im Legedarm zerbrechen und dabei die empfindlichen Schleimh\u00e4ute verletzen. Dies k\u00f6nnte nicht nur zu einer schweren inneren Blutung, sondern obendrein zu einer lebensbedrohlichen Infektion f\u00fchren.<\/p>\n\n\n\n<h3 class=\"wp-block-heading\">Wie geht es nach der Legenot weiter?<\/h3>\n\n\n\n<p>Meist produzieren Vogelweibchen nach einer Legenot weitere Eier, die h\u00e4ufig normal gelegt werden k\u00f6nnen. Sollten sich jedoch auch beim n\u00e4chsten Ei Schwierigkeiten ergeben, kann der Tierarzt eine Hormonbehandlung durchf\u00fchren, um das Tier zur Ruhe zu bringen und die weitere Bildung von Eiern zu unterdr\u00fccken. Allerdings ist diese Hormonbehandlung nicht ohne Nebenwirkungen. Deshalb ist es ratsam, ein Weibchen, das unter Problemen bei der Eiablage gelitten hat, nicht mit Dingen zu konfrontieren, die den Bruttrieb steigern k\u00f6nnten.<\/p>\n\n\n\n<p>Vogelhaltern steht dar\u00fcber hinaus eine weitere Option zur Verf\u00fcgung: Ein Vogelweibchen, das unter schweren Komplikationen beim Eierlegen gelitten hat, kann unter Umst\u00e4nden vom Tierarzt kastriert werden, indem der Legedarm entfernt wird. Das mit einem solchen Eingriff einhergehende Risiko muss im Einzelfall abgewogen werden.<\/p>\n\n\n\n<p>Titelbild dieser Seite \u00a9 Marion Biallowons<\/p>\n","protected":false},"excerpt":{"rendered":"<p>Informationen \u00fcber die Fr\u00fcherkennung und Behandlung einer Legenot<\/p>\n","protected":false},"author":1,"featured_media":16252,"parent":996,"menu_order":10,"comment_status":"closed","ping_status":"closed","template":"","meta":{"footnotes":""},"class_list":["post-1014","page","type-page","status-publish","has-post-thumbnail","hentry"],"_links":{"self":[{"href":"https:\/\/www.birds-online.de\/wp\/wp-json\/wp\/v2\/pages\/1014","targetHints":{"allow":["GET"]}}],"collection":[{"href":"https:\/\/www.birds-online.de\/wp\/wp-json\/wp\/v2\/pages"}],"about":[{"href":"https:\/\/www.birds-online.de\/wp\/wp-json\/wp\/v2\/types\/page"}],"author":[{"embeddable":true,"href":"https:\/\/www.birds-online.de\/wp\/wp-json\/wp\/v2\/users\/1"}],"replies":[{"embeddable":true,"href":"https:\/\/www.birds-online.de\/wp\/wp-json\/wp\/v2\/comments?post=1014"}],"version-history":[{"count":0,"href":"https:\/\/www.birds-online.de\/wp\/wp-json\/wp\/v2\/pages\/1014\/revisions"}],"up":[{"embeddable":true,"href":"https:\/\/www.birds-online.de\/wp\/wp-json\/wp\/v2\/pages\/996"}],"wp:featuredmedia":[{"embeddable":true,"href":"https:\/\/www.birds-online.de\/wp\/wp-json\/wp\/v2\/media\/16252"}],"wp:attachment":[{"href":"https:\/\/www.birds-online.de\/wp\/wp-json\/wp\/v2\/media?parent=1014"}],"curies":[{"name":"wp","href":"https:\/\/api.w.org\/{rel}","templated":true}]}}