{"id":1126,"date":"2017-07-14T18:51:23","date_gmt":"2017-07-14T16:51:23","guid":{"rendered":"http:\/\/www.birds-online.de\/wp\/?page_id=1126"},"modified":"2024-03-20T14:10:06","modified_gmt":"2024-03-20T13:10:06","slug":"falben","status":"publish","type":"page","link":"https:\/\/www.birds-online.de\/wp\/bo\/farbschlaege\/beschreibungen-farbschlaege\/falben\/","title":{"rendered":"Falben"},"content":{"rendered":"\t\t\t<!-- Flexy Breadcrumb -->\r\n\t\t\t<div class=\"fbc fbc-page\">\r\n\r\n\t\t\t\t<!-- Breadcrumb wrapper -->\r\n\t\t\t\t<div class=\"fbc-wrap\">\r\n\r\n\t\t\t\t\t<!-- Ordered list-->\r\n\t\t\t\t\t<ol class=\"fbc-items\" itemscope itemtype=\"https:\/\/schema.org\/BreadcrumbList\">\r\n\t\t\t\t\t\t            <li itemprop=\"itemListElement\" itemscope itemtype=\"https:\/\/schema.org\/ListItem\">\r\n                <span itemprop=\"name\">\r\n                    <!-- Home Link -->\r\n                    <a itemprop=\"item\" href=\"https:\/\/www.birds-online.de\/wp\">\r\n                    \r\n                                                    <i class=\"fa fa-home\" aria-hidden=\"true\"><\/i>                    <\/a>\r\n                <\/span>\r\n                <meta itemprop=\"position\" content=\"1\" \/><!-- Meta Position-->\r\n             <\/li><li><span class=\"fbc-separator\">>><\/span><\/li><li class=\"active\" itemprop=\"itemListElement\" itemscope itemtype=\"https:\/\/schema.org\/ListItem\"><span itemprop=\"name\" title=\"Falben\">Falben<\/span><meta itemprop=\"position\" content=\"2\" \/><\/li>\t\t\t\t\t<\/ol>\r\n\t\t\t\t\t<div class=\"clearfix\"><\/div>\r\n\t\t\t\t<\/div>\r\n\t\t\t<\/div>\r\n\t\t\t\n\n\n\n<h2 class=\"wp-block-heading\">Falben<\/h2>\n\n\n<div class=\"wp-block-image\">\n<figure class=\"alignright\"><a href=\"https:\/\/www.birds-online.de\/wp-content\/uploads\/2020\/01\/ws_blaureihe_violett_opalinfalbe02.jpg\" data-src=\"https:\/\/www.birds-online.de\/wp-content\/uploads\/2020\/01\/ws_blaureihe_violett_opalinfalbe02.jpg\" data-thumb=\"https:\/\/www.birds-online.de\/wp-content\/uploads\/2020\/01\/ws_blaureihe_violett_opalinfalbe02-300x225.jpg\" class=\"ml-lightbox-enabled\"><img loading=\"lazy\" decoding=\"async\" width=\"300\" height=\"225\" src=\"https:\/\/www.birds-online.de\/wp-content\/uploads\/2020\/01\/ws_blaureihe_violett_opalinfalbe02-300x225.jpg\" alt=\"Opalin Falbe violett, M\u00e4nnchen\" class=\"wp-image-14898\" srcset=\"https:\/\/www.birds-online.de\/wp-content\/uploads\/2020\/01\/ws_blaureihe_violett_opalinfalbe02-300x225.jpg 300w, https:\/\/www.birds-online.de\/wp-content\/uploads\/2020\/01\/ws_blaureihe_violett_opalinfalbe02-768x576.jpg 768w, https:\/\/www.birds-online.de\/wp-content\/uploads\/2020\/01\/ws_blaureihe_violett_opalinfalbe02-700x525.jpg 700w, https:\/\/www.birds-online.de\/wp-content\/uploads\/2020\/01\/ws_blaureihe_violett_opalinfalbe02.jpg 800w\" sizes=\"auto, (max-width: 300px) 100vw, 300px\" \/><\/a><figcaption class=\"wp-element-caption\">Opalin Falbe violett, M\u00e4nnchen<\/figcaption><\/figure>\n<\/div>\n\n\n<p>Bereits im Jahre 1930 traten die ersten Falben in den Vogelbest\u00e4nden deutscher Wellensittichz\u00fcchter auf. Wenig sp\u00e4ter gelang es auch Vogelhaltern in anderen L\u00e4ndern (zum Beispiel Gro\u00dfbritannien), Falben zu z\u00fcchten. Dieser Farbschlag zeichnet sich dadurch aus, dass die Tiere am gesamten K\u00f6rper aufgehellt sind. Das bedeutet, die dunklen Farbstoffe sind sowohl im Gefieder als auch in anderen K\u00f6rperteilen in in relativ geringer Zahl vorhanden. Dadurch sind s\u00e4mtliche Federn relativ hell, also auch diejenigen, die das typische Wellenmuster bilden &#8211; und freilich auch die <a href=\"https:\/\/www.birds-online.de\/wp\/bo\/farbschlaege\/hintergrundwissen-zu-farbschlaegen\/gefiederbeschreibung\/#Kehltupfen\">Kehltupfen<\/a>. Hierdurch ist die Gefiederzeichnung bei Falben nicht schwarz, sondern braun. Ihre Augen sind r\u00f6tlich. Je nach Falbentyp kann die F\u00e4rbung der Augen von violett bis hin zu hellrot variieren. Die Augenfarbe ist charakteristisch f\u00fcr die verschiedenen Varianten der Falben.<\/p>\n\n\n<div class=\"wp-block-image\">\n<figure class=\"alignright\"><a href=\"https:\/\/www.birds-online.de\/wp-content\/uploads\/2020\/01\/plumeye01.jpg\" data-src=\"https:\/\/www.birds-online.de\/wp-content\/uploads\/2020\/01\/plumeye01.jpg\" data-thumb=\"https:\/\/www.birds-online.de\/wp-content\/uploads\/2020\/01\/plumeye01-300x225.jpg\" class=\"ml-lightbox-enabled\"><img loading=\"lazy\" decoding=\"async\" width=\"300\" height=\"225\" src=\"https:\/\/www.birds-online.de\/wp-content\/uploads\/2020\/01\/plumeye01-300x225.jpg\" alt=\"Wellensittich mit pflaumenfarbenen Augen\" class=\"wp-image-14897\" srcset=\"https:\/\/www.birds-online.de\/wp-content\/uploads\/2020\/01\/plumeye01-300x225.jpg 300w, https:\/\/www.birds-online.de\/wp-content\/uploads\/2020\/01\/plumeye01-768x576.jpg 768w, https:\/\/www.birds-online.de\/wp-content\/uploads\/2020\/01\/plumeye01-700x525.jpg 700w, https:\/\/www.birds-online.de\/wp-content\/uploads\/2020\/01\/plumeye01.jpg 800w\" sizes=\"auto, (max-width: 300px) 100vw, 300px\" \/><\/a><figcaption class=\"wp-element-caption\">Wellensittich mit pflaumenfarbenen Augen<\/figcaption><\/figure>\n<\/div>\n\n\n<p>Sogenannte Kontinentale Falben, auch deutsche Falben genannt, haben rote Augen und deutlich sichtbare wei\u00dfe Irisringe. Moffat-Falben oder schottischen Falben haben nur schwach erkennbare helle Irisringe rund um die roten Pupillen. Bei den Englischen Falben sind die Augen insgesamt rot gef\u00e4rbt und sie haben keine wei\u00dfen Irisringe. Ebenfalls keine hellen Irisringe haben die Plumeyes, zumindest in ihrer reinen Erscheinungsform. Liegen Mischungen mit anderen Farbschl\u00e4gen vor, kann durchaus ein Irisring vorhanden sein. Der Begriff Plumeye stammt aus dem Englischen und bedeutet im Deutschen &#8220;Pflaumenaugen&#8221;. Diese Bezeichnung deutet bereits an, dass die F\u00e4rbung der Augen dieser V\u00f6gel an die Farbe von Pflaumen erinnert.<\/p>\n\n\n<div class=\"wp-block-image\">\n<figure class=\"alignright is-resized\"><a href=\"https:\/\/www.birds-online.de\/wp-content\/uploads\/2020\/01\/ws_gruenreihe_hellgruen_opalinfalbe01.jpg\" data-src=\"https:\/\/www.birds-online.de\/wp-content\/uploads\/2020\/01\/ws_gruenreihe_hellgruen_opalinfalbe01.jpg\" data-thumb=\"https:\/\/www.birds-online.de\/wp-content\/uploads\/2020\/01\/ws_gruenreihe_hellgruen_opalinfalbe01.jpg\" class=\"ml-lightbox-enabled\"><img loading=\"lazy\" decoding=\"async\" width=\"600\" height=\"800\" src=\"https:\/\/www.birds-online.de\/wp-content\/uploads\/2020\/01\/ws_gruenreihe_hellgruen_opalinfalbe01.jpg\" alt=\"Opalin Falbe hellgr\u00fcn, M\u00e4nnchen\" class=\"wp-image-14899\" style=\"width:300px\" srcset=\"https:\/\/www.birds-online.de\/wp-content\/uploads\/2020\/01\/ws_gruenreihe_hellgruen_opalinfalbe01.jpg 600w, https:\/\/www.birds-online.de\/wp-content\/uploads\/2020\/01\/ws_gruenreihe_hellgruen_opalinfalbe01-225x300.jpg 225w\" sizes=\"auto, (max-width: 600px) 100vw, 600px\" \/><\/a><figcaption class=\"wp-element-caption\">Opalin Falbe hellgr\u00fcn, M\u00e4nnchen<\/figcaption><\/figure>\n<\/div>\n\n\n<p>Falben kommen bei Wellensittichen in der <a href=\"https:\/\/www.birds-online.de\/wp\/bo\/farbschlaege\/hintergrundwissen-zu-farbschlaegen\/farbreihen\/gruenreihe\/\">Gr\u00fcnreihe<\/a> und in der <a href=\"https:\/\/www.birds-online.de\/wp\/bo\/farbschlaege\/hintergrundwissen-zu-farbschlaegen\/farbreihen\/blaureihe\/\">Blaureihe<\/a> vor, bei Letzterer treten sie auch bei den <a href=\"https:\/\/www.birds-online.de\/wp\/bo\/farbschlaege\/hintergrundwissen-zu-farbschlaegen\/farbreihen\/graue-und-anthrazit\/\">grauen Wellensittichen<\/a> in Erscheinung. Falben gibt es sowohl als <a href=\"https:\/\/www.birds-online.de\/wp\/bo\/farbschlaege\/beschreibungen-farbschlaege\/normal\/\">normal<\/a> gezeichnete Individuen als auch als <a href=\"https:\/\/www.birds-online.de\/wp\/bo\/farbschlaege\/beschreibungen-farbschlaege\/opalin\/\">Opalinv\u00f6gel<\/a>. Alle Tiere aus der Gr\u00fcnreihe haben ein gelbes Gesicht und ein braun-gelbes Wellenmuster. Die Tiere der Blaureihe und die grauen Individuen haben ein wei\u00dfes Gesicht mit einer wei\u00df-braunen Wellenzeichnung, sofern kein Gelbgesicht-Anteil im Erbgut vorhanden ist. Bei blauen oder grauen Gelbgesichtern ist das Gesicht gelb und das arttypische Wellenmuster ist braun. Die <a href=\"https:\/\/www.birds-online.de\/wp\/bo\/farbschlaege\/hintergrundwissen-zu-farbschlaegen\/gefiederbeschreibung\/#Wangenflecken\">Wangenflecken<\/a> sind bei den Gr\u00fcnen und Blauen dunkelblau, bei den Grauen sind sie grau. Bei allen Falben ist die K\u00f6rpergefiederfarbe stark aufgehellt.<\/p>\n\n\n\n<p>Die Geschlechtsbestimmung ist bei manchen Falben nicht leicht. Geschlechtsreife M\u00e4nnchen weisen eine rosa Nase auf, die Wachshaut der geschlechtsreifen Weibchen ist rosa mit leichtem Blaustich oder gelegentlich hellbraun.<\/p>\n\n\n\n<div style=\"height:40px\" aria-hidden=\"true\" class=\"wp-block-spacer\"><\/div>\n\n\n\n<div class=\"wp-block-columns is-layout-flex wp-container-core-columns-is-layout-9d6595d7 wp-block-columns-is-layout-flex\">\n<div class=\"wp-block-column is-layout-flow wp-block-column-is-layout-flow\" style=\"flex-basis:80%\">\n<figure class=\"wp-block-image size-large\"><img loading=\"lazy\" decoding=\"async\" width=\"700\" height=\"525\" src=\"https:\/\/www.birds-online.de\/wp-content\/uploads\/2020\/01\/ws_falbe_austral_schecke01-700x525.jpg\" alt=\"Hier mischen sich die Farbschl\u00e4ge Falbe und einfaktoriger Australischer Schecke.\" class=\"wp-image-14901\" srcset=\"https:\/\/www.birds-online.de\/wp-content\/uploads\/2020\/01\/ws_falbe_austral_schecke01-700x525.jpg 700w, https:\/\/www.birds-online.de\/wp-content\/uploads\/2020\/01\/ws_falbe_austral_schecke01-300x225.jpg 300w, https:\/\/www.birds-online.de\/wp-content\/uploads\/2020\/01\/ws_falbe_austral_schecke01-768x576.jpg 768w, https:\/\/www.birds-online.de\/wp-content\/uploads\/2020\/01\/ws_falbe_austral_schecke01.jpg 800w\" sizes=\"auto, (max-width: 700px) 100vw, 700px\" \/><figcaption class=\"wp-element-caption\">Hier mischen sich die Farbschl\u00e4ge Falbe und einfaktoriger Australischer Schecke.<\/figcaption><\/figure>\n<\/div>\n\n\n\n<div class=\"wp-block-column is-layout-flow wp-block-column-is-layout-flow\" style=\"flex-basis:20%\"><\/div>\n<\/div>\n\n\n\n<div style=\"height:40px\" aria-hidden=\"true\" class=\"wp-block-spacer\"><\/div>\n\n\n\n<p>Titelbild dieser Seite \u00a9 Guisi P.<\/p>\n\n\n\n<div style=\"height:40px\" aria-hidden=\"true\" class=\"wp-block-spacer\"><\/div>\n\n\n<div class=\"su-box su-box-style-soft\" id=\"\" style=\"border-color:#c7a85f;border-radius:3px;max-width:none\"><div class=\"su-box-title\" style=\"background-color:#fadb92;color:#ff0000;border-top-left-radius:1px;border-top-right-radius:1px\">Hinweis in eigener Sache<\/div><div class=\"su-box-content su-u-clearfix su-u-trim\" style=\"border-bottom-left-radius:1px;border-bottom-right-radius:1px\">Ich bin selbst keine ausgewiesene Farbschlagsexpertin. Deshalb ist es m\u00f6glich, dass sich auf dieser Seite Irrt\u00fcmer eingeschlichen haben. Falls Ihnen ein Fehler auff\u00e4llt, w\u00fcrde ich mich sehr \u00fcber eine Nachricht per <a href=\"mailto:webmaster@birds-online.de\">E-Mail<\/a> freuen.<\/div><\/div>\n","protected":false},"excerpt":{"rendered":"<p>Typische Merkmale der Falben-Wellensittiche<\/p>\n","protected":false},"author":1,"featured_media":14407,"parent":1083,"menu_order":3,"comment_status":"closed","ping_status":"closed","template":"","meta":{"footnotes":""},"class_list":["post-1126","page","type-page","status-publish","has-post-thumbnail","hentry"],"_links":{"self":[{"href":"https:\/\/www.birds-online.de\/wp\/wp-json\/wp\/v2\/pages\/1126","targetHints":{"allow":["GET"]}}],"collection":[{"href":"https:\/\/www.birds-online.de\/wp\/wp-json\/wp\/v2\/pages"}],"about":[{"href":"https:\/\/www.birds-online.de\/wp\/wp-json\/wp\/v2\/types\/page"}],"author":[{"embeddable":true,"href":"https:\/\/www.birds-online.de\/wp\/wp-json\/wp\/v2\/users\/1"}],"replies":[{"embeddable":true,"href":"https:\/\/www.birds-online.de\/wp\/wp-json\/wp\/v2\/comments?post=1126"}],"version-history":[{"count":0,"href":"https:\/\/www.birds-online.de\/wp\/wp-json\/wp\/v2\/pages\/1126\/revisions"}],"up":[{"embeddable":true,"href":"https:\/\/www.birds-online.de\/wp\/wp-json\/wp\/v2\/pages\/1083"}],"wp:featuredmedia":[{"embeddable":true,"href":"https:\/\/www.birds-online.de\/wp\/wp-json\/wp\/v2\/media\/14407"}],"wp:attachment":[{"href":"https:\/\/www.birds-online.de\/wp\/wp-json\/wp\/v2\/media?parent=1126"}],"curies":[{"name":"wp","href":"https:\/\/api.w.org\/{rel}","templated":true}]}}