{"id":1386,"date":"2017-07-19T12:50:12","date_gmt":"2017-07-19T10:50:12","guid":{"rendered":"http:\/\/www.birds-online.de\/wp\/?page_id=1386"},"modified":"2024-03-12T19:34:29","modified_gmt":"2024-03-12T18:34:29","slug":"anatomie-vogelaugen","status":"publish","type":"page","link":"https:\/\/www.birds-online.de\/wp\/bo\/gesundheit-handicaps\/handicaps\/augenprobleme\/anatomie-vogelaugen\/","title":{"rendered":"Anatomie der Vogelaugen"},"content":{"rendered":"\t\t\t<!-- Flexy Breadcrumb -->\r\n\t\t\t<div class=\"fbc fbc-page\">\r\n\r\n\t\t\t\t<!-- Breadcrumb wrapper -->\r\n\t\t\t\t<div class=\"fbc-wrap\">\r\n\r\n\t\t\t\t\t<!-- Ordered list-->\r\n\t\t\t\t\t<ol class=\"fbc-items\" itemscope itemtype=\"https:\/\/schema.org\/BreadcrumbList\">\r\n\t\t\t\t\t\t            <li itemprop=\"itemListElement\" itemscope itemtype=\"https:\/\/schema.org\/ListItem\">\r\n                <span itemprop=\"name\">\r\n                    <!-- Home Link -->\r\n                    <a itemprop=\"item\" href=\"https:\/\/www.birds-online.de\/wp\">\r\n                    \r\n                                                    <i class=\"fa fa-home\" aria-hidden=\"true\"><\/i>                    <\/a>\r\n                <\/span>\r\n                <meta itemprop=\"position\" content=\"1\" \/><!-- Meta Position-->\r\n             <\/li><li><span class=\"fbc-separator\">>><\/span><\/li><li class=\"active\" itemprop=\"itemListElement\" itemscope itemtype=\"https:\/\/schema.org\/ListItem\"><span itemprop=\"name\" title=\"Anatomie der Vogelaugen\">Anatomie der Vogelaugen<\/span><meta itemprop=\"position\" content=\"2\" \/><\/li>\t\t\t\t\t<\/ol>\r\n\t\t\t\t\t<div class=\"clearfix\"><\/div>\r\n\t\t\t\t<\/div>\r\n\t\t\t<\/div>\r\n\t\t\t\n\n\n\n<h2 class=\"wp-block-heading\">Anatomie der Vogelaugen<\/h2>\n\n\n<div class=\"wp-block-image\">\n<figure class=\"alignright\"><a href=\"https:\/\/www.birds-online.de\/wp-content\/uploads\/2018\/10\/Gelbwangenamazone_hat3m_Pixabay.jpg\" data-src=\"https:\/\/www.birds-online.de\/wp-content\/uploads\/2018\/10\/Gelbwangenamazone_hat3m_Pixabay.jpg\" data-thumb=\"https:\/\/www.birds-online.de\/wp-content\/uploads\/2018\/10\/Gelbwangenamazone_hat3m_Pixabay-300x225.jpg\" class=\"ml-lightbox-enabled\"><img loading=\"lazy\" decoding=\"async\" width=\"300\" height=\"225\" src=\"https:\/\/www.birds-online.de\/wp-content\/uploads\/2018\/10\/Gelbwangenamazone_hat3m_Pixabay-300x225.jpg\" alt=\"Das eindrucksvolle Auge einer Gelbwangenamazone. \u00a9 hat3m\/Pixabay\" class=\"wp-image-5630\" srcset=\"https:\/\/www.birds-online.de\/wp-content\/uploads\/2018\/10\/Gelbwangenamazone_hat3m_Pixabay-300x225.jpg 300w, https:\/\/www.birds-online.de\/wp-content\/uploads\/2018\/10\/Gelbwangenamazone_hat3m_Pixabay-768x576.jpg 768w, https:\/\/www.birds-online.de\/wp-content\/uploads\/2018\/10\/Gelbwangenamazone_hat3m_Pixabay-700x525.jpg 700w, https:\/\/www.birds-online.de\/wp-content\/uploads\/2018\/10\/Gelbwangenamazone_hat3m_Pixabay.jpg 800w\" sizes=\"auto, (max-width: 300px) 100vw, 300px\" \/><\/a><figcaption class=\"wp-element-caption\">Das eindrucksvolle Auge einer Gelbwangenamazone. \u00a9 hat3m\/Pixabay<\/figcaption><\/figure>\n<\/div>\n\n\n<p>Um besser zu verstehen, weshalb eine Fehlsichtigkeit oder gar der vollst\u00e4ndige Verlust der Sehf\u00e4higkeit f\u00fcr V\u00f6gel eine sehr gro\u00dfe Einschr\u00e4nkung darstellen k\u00f6nnen, ist es wichtig, die Bedeutung des Sehsinns zu kennen sowie zumindest mit den groben Grundz\u00fcgen der Anatomie der Vogelaugen vertraut zu sein.<\/p>\n\n\n\n<p>F\u00fcr die meisten Vogelarten der Erde ist das Sehen der wichtigste Sinn, nur sehr wenige Vogelarten verlassen sich auf ihre Nase, wie man es von manchen S\u00e4ugetieren kennt. Auch das Geh\u00f6r spielt beim Nahrungserwerb und im t\u00e4glichen \u00dcberlebenskampf bei V\u00f6geln nicht die Hauptrolle. Ein Gro\u00dfteil der Vogelarten zeigt eine typische Anordnung der Augen im Sch\u00e4del: Sie liegen seitlich, wie es zum Beispiel beim Wellensittich der Fall ist. Seitlich im Sch\u00e4del angeordnete Augen erm\u00f6glichen es ihren Tr\u00e4gern, ihre Umgebung gut im Blick zu behalten, wobei es f\u00fcr sie vorrangig darum geht, den \u00dcberblick zu behalten. So k\u00f6nnen sie Futter finden, aber auch sich n\u00e4hernde Fressfeinde entdecken, sofern diese nicht aus dem toten Winkel auf sie zukommen.<\/p>\n\n\n<div class=\"wp-block-image\">\n<figure class=\"alignright\"><a href=\"https:\/\/www.birds-online.de\/wp-content\/uploads\/2017\/10\/schematisches_gesichtsfeld_vogelaugen01.jpg\" data-src=\"https:\/\/www.birds-online.de\/wp-content\/uploads\/2017\/10\/schematisches_gesichtsfeld_vogelaugen01.jpg\" data-thumb=\"https:\/\/www.birds-online.de\/wp-content\/uploads\/2017\/10\/schematisches_gesichtsfeld_vogelaugen01-300x225.jpg\" class=\"ml-lightbox-enabled\"><img loading=\"lazy\" decoding=\"async\" width=\"300\" height=\"225\" src=\"https:\/\/www.birds-online.de\/wp-content\/uploads\/2017\/10\/schematisches_gesichtsfeld_vogelaugen01-300x225.jpg\" alt=\"Schematische Darstellung des Gesichtsfeldes eines Katharinasittichs (stark vereinfacht)\" class=\"wp-image-2607\" srcset=\"https:\/\/www.birds-online.de\/wp-content\/uploads\/2017\/10\/schematisches_gesichtsfeld_vogelaugen01-300x225.jpg 300w, https:\/\/www.birds-online.de\/wp-content\/uploads\/2017\/10\/schematisches_gesichtsfeld_vogelaugen01-768x576.jpg 768w, https:\/\/www.birds-online.de\/wp-content\/uploads\/2017\/10\/schematisches_gesichtsfeld_vogelaugen01-700x525.jpg 700w, https:\/\/www.birds-online.de\/wp-content\/uploads\/2017\/10\/schematisches_gesichtsfeld_vogelaugen01.jpg 800w\" sizes=\"auto, (max-width: 300px) 100vw, 300px\" \/><\/a><figcaption class=\"wp-element-caption\">Schematische Darstellung des Gesichtsfeldes eines Katharinasittichs (stark vereinfacht)<\/figcaption><\/figure>\n<\/div>\n\n\n<p>V\u00f6gel k\u00f6nnen ihre Augen nur wenig bewegen. Anders als wir Menschen ist es ihnen nicht m\u00f6glich, ohne Bewegungen des Kopfes weit nach links oder rechts beziehungsweise oben oder unten zu schauen. Hierf\u00fcr m\u00fcssen sie ihren Kopf drehen, und der ist wegen ihrer darauf abgestimmten Halswirbels\u00e4ule sehr beweglich. So k\u00f6nnen V\u00f6gel durch Drehen ihres Kopfes eine 360\u00b0-Rundumsicht erlangen.<\/p>\n\n\n\n<p>Jene V\u00f6gel, deren Augen seitlich im Kopf liegen, sind typische Beutetiere, wohingegen es auch V\u00f6gel gibt, die die Augen vorn im Gesicht tragen und bei denen sie \u00e4hnlich wie bei uns Menschen nebeneinander angeordnet sind. Zur Gruppe dieser V\u00f6gel geh\u00f6ren unter anderem Adler, Falken und Eulen. Sie allesamt sind Greifv\u00f6gel, also J\u00e4ger, f\u00fcr die ein gutes r\u00e4umliches Sehen entscheidend ist. Diese F\u00e4higkeit des r\u00e4umlichen Sehens wird dadurch gew\u00e4hrleistet, dass die Augen nebeneinander liegen. V\u00f6gel wie die Wellensittiche mit ihren seitlich angeordneten Augen haben dagegen nur ein sehr gering ausgepr\u00e4gtes r\u00e4umliches Sehen.<\/p>\n\n\n\n<div style=\"height:40px\" aria-hidden=\"true\" class=\"wp-block-spacer\"><\/div>\n\n\n\n<div class=\"wp-block-columns is-layout-flex wp-container-core-columns-is-layout-9d6595d7 wp-block-columns-is-layout-flex\">\n<div class=\"wp-block-column is-layout-flow wp-block-column-is-layout-flow\" style=\"flex-basis:45%\">\n<figure class=\"wp-block-image size-large\"><a href=\"https:\/\/www.birds-online.de\/wp-content\/uploads\/2018\/10\/augen_seitlich01.jpg\" data-src=\"https:\/\/www.birds-online.de\/wp-content\/uploads\/2018\/10\/augen_seitlich01.jpg\" data-thumb=\"https:\/\/www.birds-online.de\/wp-content\/uploads\/2018\/10\/augen_seitlich01-700x525.jpg\" class=\"ml-lightbox-enabled\"><img loading=\"lazy\" decoding=\"async\" width=\"700\" height=\"525\" src=\"https:\/\/www.birds-online.de\/wp-content\/uploads\/2018\/10\/augen_seitlich01-700x525.jpg\" alt=\"Seitlich am Kopf angeordnete Augen sind typisch f\u00fcr Vogelarten, die Fluchttiere sind; dazu geh\u00f6ren die meisten Heimv\u00f6gel wie auch diese Diamanttaube.\" class=\"wp-image-5627\" srcset=\"https:\/\/www.birds-online.de\/wp-content\/uploads\/2018\/10\/augen_seitlich01-700x525.jpg 700w, https:\/\/www.birds-online.de\/wp-content\/uploads\/2018\/10\/augen_seitlich01-300x225.jpg 300w, https:\/\/www.birds-online.de\/wp-content\/uploads\/2018\/10\/augen_seitlich01-768x576.jpg 768w, https:\/\/www.birds-online.de\/wp-content\/uploads\/2018\/10\/augen_seitlich01.jpg 800w\" sizes=\"auto, (max-width: 700px) 100vw, 700px\" \/><\/a><figcaption class=\"wp-element-caption\">Seitlich am Kopf angeordnete Augen sind typisch f\u00fcr Vogelarten, die Fluchttiere sind; dazu geh\u00f6ren die meisten Heimv\u00f6gel wie auch diese Diamanttaube.<\/figcaption><\/figure>\n<\/div>\n\n\n\n<div class=\"wp-block-column is-layout-flow wp-block-column-is-layout-flow\" style=\"flex-basis:10%\"><\/div>\n\n\n\n<div class=\"wp-block-column is-layout-flow wp-block-column-is-layout-flow\" style=\"flex-basis:45%\">\n<figure class=\"wp-block-image size-large\"><a href=\"https:\/\/www.birds-online.de\/wp-content\/uploads\/2018\/10\/augen_vorn01.jpg\" data-src=\"https:\/\/www.birds-online.de\/wp-content\/uploads\/2018\/10\/augen_vorn01.jpg\" data-thumb=\"https:\/\/www.birds-online.de\/wp-content\/uploads\/2018\/10\/augen_vorn01-700x525.jpg\" class=\"ml-lightbox-enabled\"><img loading=\"lazy\" decoding=\"async\" width=\"700\" height=\"525\" src=\"https:\/\/www.birds-online.de\/wp-content\/uploads\/2018\/10\/augen_vorn01-700x525.jpg\" alt=\"Vorn im Gesicht nebeneinander angeordnete Augen sind charakteristisch f\u00fcr Greifv\u00f6gel und Eulen, also f\u00fcr Vogelarten, die aktiv jagen und daf\u00fcr ein gutes r\u00e4umliches Sehen ben\u00f6tigen \u2013 wie dieser M\u00e4usebussard.\" class=\"wp-image-5626\" srcset=\"https:\/\/www.birds-online.de\/wp-content\/uploads\/2018\/10\/augen_vorn01-700x525.jpg 700w, https:\/\/www.birds-online.de\/wp-content\/uploads\/2018\/10\/augen_vorn01-300x225.jpg 300w, https:\/\/www.birds-online.de\/wp-content\/uploads\/2018\/10\/augen_vorn01-768x576.jpg 768w, https:\/\/www.birds-online.de\/wp-content\/uploads\/2018\/10\/augen_vorn01.jpg 800w\" sizes=\"auto, (max-width: 700px) 100vw, 700px\" \/><\/a><figcaption class=\"wp-element-caption\">Vorn im Gesicht nebeneinander angeordnete Augen sind charakteristisch f\u00fcr Greifv\u00f6gel und Eulen, also f\u00fcr Vogelarten, die aktiv jagen und daf\u00fcr ein gutes r\u00e4umliches Sehen ben\u00f6tigen \u2013 wie dieser M\u00e4usebussard.<\/figcaption><\/figure>\n<\/div>\n<\/div>\n\n\n\n<div style=\"height:40px\" aria-hidden=\"true\" class=\"wp-block-spacer\"><\/div>\n\n\n\n<p>F\u00fcr alle V\u00f6gel ist es wichtig, scharf zu sehen, wobei die Sehsch\u00e4rfe bei den Greifv\u00f6geln besonders hoch ist. Das spiegelt sich beispielsweise im Sprichwort &#8220;Adleraugen haben&#8221; wider. Die meisten Heimvogelarten haben keine \u00fcberdurchschnittlich stark ausgepr\u00e4gte Sehsch\u00e4rfe. Diese ist bei gesunden Tieren jedoch ausreichend gro\u00df, um sie ihren Alltag meistern zu lassen, und das sowohl in freier Wildbahn als auch in Gefangenschaft.<\/p>\n\n\n<div class=\"wp-block-image\">\n<figure class=\"alignright\"><a href=\"https:\/\/www.birds-online.de\/wp-content\/uploads\/2018\/09\/katharinasittichauge01.jpg\" data-src=\"https:\/\/www.birds-online.de\/wp-content\/uploads\/2018\/09\/katharinasittichauge01.jpg\" data-thumb=\"https:\/\/www.birds-online.de\/wp-content\/uploads\/2018\/09\/katharinasittichauge01-300x225.jpg\" class=\"ml-lightbox-enabled\"><img loading=\"lazy\" decoding=\"async\" width=\"300\" height=\"225\" src=\"https:\/\/www.birds-online.de\/wp-content\/uploads\/2018\/09\/katharinasittichauge01-300x225.jpg\" alt=\"Gesundes Auge eines Katharinasittichs\" class=\"wp-image-5311\" srcset=\"https:\/\/www.birds-online.de\/wp-content\/uploads\/2018\/09\/katharinasittichauge01-300x225.jpg 300w, https:\/\/www.birds-online.de\/wp-content\/uploads\/2018\/09\/katharinasittichauge01-768x576.jpg 768w, https:\/\/www.birds-online.de\/wp-content\/uploads\/2018\/09\/katharinasittichauge01-700x525.jpg 700w, https:\/\/www.birds-online.de\/wp-content\/uploads\/2018\/09\/katharinasittichauge01.jpg 800w\" sizes=\"auto, (max-width: 300px) 100vw, 300px\" \/><\/a><figcaption class=\"wp-element-caption\">Gesundes Auge eines Katharinasittichs<\/figcaption><\/figure>\n<\/div>\n\n\n<p>Weil das Sehen f\u00fcr V\u00f6gel so enorm wichtig ist, sind ihre Augen vergleichsweise gro\u00df. Sie nehmen im Sch\u00e4del viel Raum ein und sind sogar gr\u00f6\u00dfer als das Gehirn. Beide Aug\u00e4pfel ber\u00fchren sich im Sch\u00e4del beinahe, sie sind lediglich durch eine d\u00fcnne Gewebeschicht voneinander getrennt. Unter anderem deshalb k\u00f6nnen Augenentz\u00fcndungen bei V\u00f6geln so schnell von einem der Sehorgane auf das andere \u00fcberspringen.<\/p>\n\n\n\n<p>Der gr\u00f6\u00dfte Teil des Augapfels eines Vogels ist nicht sichtbar. Was wir sehen, sind in aller Regel die Iris und die Pupille. Sie befinden sich im Auge selbst und au\u00dfen liegt die bei gesunden V\u00f6geln transparente, glatte und gew\u00f6lbte Hornhaut. Der hintere Teil des Auges besteht aus mehreren Kammern, in denen sich Fl\u00fcssigkeit befindet, das sogenannte Kammerwasser. Die im hinteren Augenbereich befindlichen Teile fangen das eintreffende Licht auf und leiten die Signale \u00fcber Nerven weiter ans Gehirn, das sie interpretiert.<\/p>\n\n\n\n<div style=\"height:40px\" aria-hidden=\"true\" class=\"wp-block-spacer\"><\/div>\n\n\n\n<div class=\"wp-block-columns is-layout-flex wp-container-core-columns-is-layout-9d6595d7 wp-block-columns-is-layout-flex\">\n<div class=\"wp-block-column is-layout-flow wp-block-column-is-layout-flow\" style=\"flex-basis:45%\">\n<figure class=\"wp-block-image size-large\"><a href=\"https:\/\/www.birds-online.de\/wp-content\/uploads\/2017\/10\/anatomieauge01gr.jpg\" data-src=\"https:\/\/www.birds-online.de\/wp-content\/uploads\/2017\/10\/anatomieauge01gr.jpg\" data-thumb=\"https:\/\/www.birds-online.de\/wp-content\/uploads\/2017\/10\/anatomieauge01gr-700x525.jpg\" class=\"ml-lightbox-enabled\"><img loading=\"lazy\" decoding=\"async\" width=\"700\" height=\"525\" src=\"https:\/\/www.birds-online.de\/wp-content\/uploads\/2017\/10\/anatomieauge01gr-700x525.jpg\" alt=\"Das Auge eines Wellensittichs: 1a ist die Pupille, 1b ist der Irisring.\" class=\"wp-image-2511\" srcset=\"https:\/\/www.birds-online.de\/wp-content\/uploads\/2017\/10\/anatomieauge01gr-700x525.jpg 700w, https:\/\/www.birds-online.de\/wp-content\/uploads\/2017\/10\/anatomieauge01gr-300x225.jpg 300w, https:\/\/www.birds-online.de\/wp-content\/uploads\/2017\/10\/anatomieauge01gr-768x576.jpg 768w, https:\/\/www.birds-online.de\/wp-content\/uploads\/2017\/10\/anatomieauge01gr.jpg 800w\" sizes=\"auto, (max-width: 700px) 100vw, 700px\" \/><\/a><figcaption class=\"wp-element-caption\">Das Auge eines Wellensittichs: 1a ist die Pupille, 1b ist der Irisring.<\/figcaption><\/figure>\n<\/div>\n\n\n\n<div class=\"wp-block-column is-layout-flow wp-block-column-is-layout-flow\" style=\"flex-basis:10%\"><\/div>\n\n\n\n<div class=\"wp-block-column is-layout-flow wp-block-column-is-layout-flow\" style=\"flex-basis:45%\">\n<figure class=\"wp-block-image size-large\"><a href=\"https:\/\/www.birds-online.de\/wp-content\/uploads\/2017\/10\/anatomieauge05gr.jpg\" data-src=\"https:\/\/www.birds-online.de\/wp-content\/uploads\/2017\/10\/anatomieauge05gr.jpg\" data-thumb=\"https:\/\/www.birds-online.de\/wp-content\/uploads\/2017\/10\/anatomieauge05gr-700x525.jpg\" class=\"ml-lightbox-enabled\"><img loading=\"lazy\" decoding=\"async\" width=\"700\" height=\"525\" src=\"https:\/\/www.birds-online.de\/wp-content\/uploads\/2017\/10\/anatomieauge05gr-700x525.jpg\" alt=\"Die Hornhaut ist als W\u00f6lbung am Vogelauge zu erkennen, sie ist bei gesunden Tieren glatt und transparent.\" class=\"wp-image-2515\" srcset=\"https:\/\/www.birds-online.de\/wp-content\/uploads\/2017\/10\/anatomieauge05gr-700x525.jpg 700w, https:\/\/www.birds-online.de\/wp-content\/uploads\/2017\/10\/anatomieauge05gr-300x225.jpg 300w, https:\/\/www.birds-online.de\/wp-content\/uploads\/2017\/10\/anatomieauge05gr-768x576.jpg 768w, https:\/\/www.birds-online.de\/wp-content\/uploads\/2017\/10\/anatomieauge05gr.jpg 800w\" sizes=\"auto, (max-width: 700px) 100vw, 700px\" \/><\/a><figcaption class=\"wp-element-caption\">Die Hornhaut ist als W\u00f6lbung am Vogelauge zu erkennen, sie ist bei gesunden Tieren glatt und transparent.<\/figcaption><\/figure>\n<\/div>\n<\/div>\n\n\n\n<div style=\"height:40px\" aria-hidden=\"true\" class=\"wp-block-spacer\"><\/div>\n\n\n\n<p>Au\u00dfen werden die Augen durch das obere und das untere Augenlid gesch\u00fctzt. Dar\u00fcber hinaus verf\u00fcgen V\u00f6gel \u00fcber ein drittes Augenlid, das als Nickhaut bezeichnet wird. Bei vielen Vogelarten ist es transparent, bei einigen ist es tr\u00fcb, weil dies f\u00fcr die Tiere Vorteile bedeutet. Tr\u00fcbe Nickh\u00e4ute schirmen die Augen besser vor sehr grellem Licht ab als transparente dritte Augenlider. Typisch ist, dass die Nickhaut nicht von oben nach unten geschlossen wird, sondern diagonal von vorn nach hinten (bei V\u00f6geln mit seitlich am Kopf angeordneten Augen) beziehungsweise von innen nach au\u00dfen (bei V\u00f6geln mit nebeneinander im Gesicht angeordneten Augen).<\/p>\n\n\n\n<div style=\"height:40px\" aria-hidden=\"true\" class=\"wp-block-spacer\"><\/div>\n\n\n\n<div class=\"wp-block-columns is-layout-flex wp-container-core-columns-is-layout-9d6595d7 wp-block-columns-is-layout-flex\">\n<div class=\"wp-block-column is-layout-flow wp-block-column-is-layout-flow\" style=\"flex-basis:45%\">\n<figure class=\"wp-block-image size-large\"><a href=\"https:\/\/www.birds-online.de\/wp-content\/uploads\/2017\/10\/anatomieauge02gr.jpg\" data-src=\"https:\/\/www.birds-online.de\/wp-content\/uploads\/2017\/10\/anatomieauge02gr.jpg\" data-thumb=\"https:\/\/www.birds-online.de\/wp-content\/uploads\/2017\/10\/anatomieauge02gr-700x525.jpg\" class=\"ml-lightbox-enabled\"><img loading=\"lazy\" decoding=\"async\" width=\"700\" height=\"525\" src=\"https:\/\/www.birds-online.de\/wp-content\/uploads\/2017\/10\/anatomieauge02gr-700x525.jpg\" alt=\"Hier sind das Ober- (1c) und das Unterlid (1d) eines Wellensittichauges markiert.\" class=\"wp-image-2512\" srcset=\"https:\/\/www.birds-online.de\/wp-content\/uploads\/2017\/10\/anatomieauge02gr-700x525.jpg 700w, https:\/\/www.birds-online.de\/wp-content\/uploads\/2017\/10\/anatomieauge02gr-300x225.jpg 300w, https:\/\/www.birds-online.de\/wp-content\/uploads\/2017\/10\/anatomieauge02gr-768x576.jpg 768w, https:\/\/www.birds-online.de\/wp-content\/uploads\/2017\/10\/anatomieauge02gr.jpg 800w\" sizes=\"auto, (max-width: 700px) 100vw, 700px\" \/><\/a><figcaption class=\"wp-element-caption\">Hier sind das Ober- (1c) und das Unterlid (1d) eines Wellensittichauges markiert.<\/figcaption><\/figure>\n<\/div>\n\n\n\n<div class=\"wp-block-column is-layout-flow wp-block-column-is-layout-flow\" style=\"flex-basis:10%\"><\/div>\n\n\n\n<div class=\"wp-block-column is-layout-flow wp-block-column-is-layout-flow\" style=\"flex-basis:45%\">\n<figure class=\"wp-block-image size-large\"><a href=\"https:\/\/www.birds-online.de\/wp-content\/uploads\/2017\/10\/anatomieauge03gr.jpg\" data-src=\"https:\/\/www.birds-online.de\/wp-content\/uploads\/2017\/10\/anatomieauge03gr.jpg\" data-thumb=\"https:\/\/www.birds-online.de\/wp-content\/uploads\/2017\/10\/anatomieauge03gr-700x525.jpg\" class=\"ml-lightbox-enabled\"><img loading=\"lazy\" decoding=\"async\" width=\"700\" height=\"525\" src=\"https:\/\/www.birds-online.de\/wp-content\/uploads\/2017\/10\/anatomieauge03gr-700x525.jpg\" alt=\"Als feiner, transparenter und leicht grau gef\u00e4rbter Schleier ist die Nickhaut (1f) zu sehen\" class=\"wp-image-2513\" srcset=\"https:\/\/www.birds-online.de\/wp-content\/uploads\/2017\/10\/anatomieauge03gr-700x525.jpg 700w, https:\/\/www.birds-online.de\/wp-content\/uploads\/2017\/10\/anatomieauge03gr-300x225.jpg 300w, https:\/\/www.birds-online.de\/wp-content\/uploads\/2017\/10\/anatomieauge03gr-768x576.jpg 768w, https:\/\/www.birds-online.de\/wp-content\/uploads\/2017\/10\/anatomieauge03gr.jpg 800w\" sizes=\"auto, (max-width: 700px) 100vw, 700px\" \/><\/a><figcaption class=\"wp-element-caption\">Als feiner, transparenter und leicht grau gef\u00e4rbter Schleier ist die Nickhaut (1f) zu sehen<\/figcaption><\/figure>\n<\/div>\n<\/div>\n\n\n\n<div style=\"height:40px\" aria-hidden=\"true\" class=\"wp-block-spacer\"><\/div>\n\n\n<div class=\"su-box su-box-style-soft\" id=\"\" style=\"border-color:#c7a85f;border-radius:3px;max-width:none\"><div class=\"su-box-title\" style=\"background-color:#fadb92;color:#ff0000;border-top-left-radius:1px;border-top-right-radius:1px\">Wichtig zu wissen<\/div><div class=\"su-box-content su-u-clearfix su-u-trim\" style=\"border-bottom-left-radius:1px;border-bottom-right-radius:1px\">Wenn V\u00f6gel Einschr\u00e4nkungen ihrer Sehleistung bis hin zur vollst\u00e4ndigen Blindheit erleiden, hat das meist die Ursache, dass die Augen gesch\u00e4digt werden. <a href=\"https:\/\/www.birds-online.de\/wp\/bo\/gesundheit-handicaps\/gesundheit\/unfallbedingte-erkrankungen\/augenlid-verletzungen\/\">Verletzungen der Augenlider<\/a> sind hingegen in aller Regel vergleichsweise harmlos, auch wenn sie im Einzelfall sehr schlimm aussehen k\u00f6nnen.<\/div><\/div>\n\n\n\n<div style=\"height:40px\" aria-hidden=\"true\" class=\"wp-block-spacer\"><\/div>\n\n\n<div class=\"su-box su-box-style-soft\" id=\"\" style=\"border-color:#c7a85f;border-radius:3px;max-width:none\"><div class=\"su-box-title\" style=\"background-color:#fadb92;color:#ff0000;border-top-left-radius:1px;border-top-right-radius:1px\">Buchtipp<\/div><div class=\"su-box-content su-u-clearfix su-u-trim\" style=\"border-bottom-left-radius:1px;border-bottom-right-radius:1px\"><a href=\"https:\/\/www.birds-online.de\/wp-content\/uploads\/2021\/12\/Vogelhaltung_mit_Handica_Cover.jpg\" data-src=\"https:\/\/www.birds-online.de\/wp-content\/uploads\/2021\/12\/Vogelhaltung_mit_Handica_Cover.jpg\" data-thumb=\"https:\/\/www.birds-online.de\/wp-content\/uploads\/2021\/12\/Vogelhaltung_mit_Handica_Cover-300x297.jpg\" class=\"ml-lightbox-enabled\"><img loading=\"lazy\" decoding=\"async\" class=\"alignright size-medium wp-image-22213\" src=\"https:\/\/www.birds-online.de\/wp-content\/uploads\/2021\/12\/Vogelhaltung_mit_Handica_Cover-300x297.jpg\" alt=\"Cover des Buches 'Vogelhaltung mit Handicap'\" width=\"300\" height=\"297\" srcset=\"https:\/\/www.birds-online.de\/wp-content\/uploads\/2021\/12\/Vogelhaltung_mit_Handica_Cover-300x297.jpg 300w, https:\/\/www.birds-online.de\/wp-content\/uploads\/2021\/12\/Vogelhaltung_mit_Handica_Cover-700x694.jpg 700w, https:\/\/www.birds-online.de\/wp-content\/uploads\/2021\/12\/Vogelhaltung_mit_Handica_Cover-150x150.jpg 150w, https:\/\/www.birds-online.de\/wp-content\/uploads\/2021\/12\/Vogelhaltung_mit_Handica_Cover-768x761.jpg 768w, https:\/\/www.birds-online.de\/wp-content\/uploads\/2021\/12\/Vogelhaltung_mit_Handica_Cover.jpg 800w\" sizes=\"auto, (max-width: 300px) 100vw, 300px\" \/><\/a>Weil mir, der Betreiberin von Birds-online.de, gehandicapte V\u00f6gel so sehr am Herzen liegen, habe ich gemeinsam mit der erfahrenen Vogelhalterin Sigrid M\u00e4rz ein Buch geschrieben. Darin werden die h\u00e4ufigsten Handicaps vorgestellt, Herausforderungen im Alltag beschrieben und nat\u00fcrlich L\u00f6sungen aufgezeigt. Von Amputationen \u00fcber Blindheit bis hin zu altersbedingten Einschr\u00e4nkungen wie Arthrose reicht die Themenpalette. Erg\u00e4nzend gibt es ein paar Einrichtungstipps, um gehandicapten V\u00f6geln ein angenehmes und sicheres Umfeld bieten zu k\u00f6nnen. Wir haben den Inhalt bewusst so gestaltet, dass er sich nicht nur um kleine Sittiche dreht. Kanarienv\u00f6gel, T\u00e4ubchen und gr\u00f6\u00dfere Vogelarten wie Graupapageien und Co. wurden von uns gleicherma\u00dfen mit einbezogen.<\/p>\n<p>Das Buch kann f\u00fcr 29,90 \u20ac direkt beim Verlag bestellt werden: <a href=\"https:\/\/www.arndt-verlag.de\/shop\/vogelb%C3%BCcher\/dr-m%C3%A4rz,-schulemann-maier-vogelhaltung-mit-handicap-detail\" target=\"_blank\" rel=\"noopener\">Web-Shop des Arndt-Verlags<\/a><\/div><\/div>\n","protected":false},"excerpt":{"rendered":"<p>Erl\u00e4uterungen zur Anatomie der Augen der V\u00f6gel<\/p>\n","protected":false},"author":1,"featured_media":5629,"parent":1370,"menu_order":1,"comment_status":"closed","ping_status":"closed","template":"","meta":{"footnotes":""},"class_list":["post-1386","page","type-page","status-publish","has-post-thumbnail","hentry"],"_links":{"self":[{"href":"https:\/\/www.birds-online.de\/wp\/wp-json\/wp\/v2\/pages\/1386","targetHints":{"allow":["GET"]}}],"collection":[{"href":"https:\/\/www.birds-online.de\/wp\/wp-json\/wp\/v2\/pages"}],"about":[{"href":"https:\/\/www.birds-online.de\/wp\/wp-json\/wp\/v2\/types\/page"}],"author":[{"embeddable":true,"href":"https:\/\/www.birds-online.de\/wp\/wp-json\/wp\/v2\/users\/1"}],"replies":[{"embeddable":true,"href":"https:\/\/www.birds-online.de\/wp\/wp-json\/wp\/v2\/comments?post=1386"}],"version-history":[{"count":0,"href":"https:\/\/www.birds-online.de\/wp\/wp-json\/wp\/v2\/pages\/1386\/revisions"}],"up":[{"embeddable":true,"href":"https:\/\/www.birds-online.de\/wp\/wp-json\/wp\/v2\/pages\/1370"}],"wp:featuredmedia":[{"embeddable":true,"href":"https:\/\/www.birds-online.de\/wp\/wp-json\/wp\/v2\/media\/5629"}],"wp:attachment":[{"href":"https:\/\/www.birds-online.de\/wp\/wp-json\/wp\/v2\/media?parent=1386"}],"curies":[{"name":"wp","href":"https:\/\/api.w.org\/{rel}","templated":true}]}}