{"id":1618,"date":"2017-07-19T19:34:13","date_gmt":"2017-07-19T17:34:13","guid":{"rendered":"http:\/\/www.birds-online.de\/wp\/?page_id=1618"},"modified":"2024-03-06T06:48:56","modified_gmt":"2024-03-06T05:48:56","slug":"erfahrungsbericht-manni","status":"publish","type":"page","link":"https:\/\/www.birds-online.de\/wp\/bo\/gesundheit-handicaps\/gesundheit\/hautkrankheiten\/buerzeldruesenveraenderungen\/erfahrungsbericht-manni\/","title":{"rendered":"Erfahrungsbericht Manni"},"content":{"rendered":"\t\t\t<!-- Flexy Breadcrumb -->\r\n\t\t\t<div class=\"fbc fbc-page\">\r\n\r\n\t\t\t\t<!-- Breadcrumb wrapper -->\r\n\t\t\t\t<div class=\"fbc-wrap\">\r\n\r\n\t\t\t\t\t<!-- Ordered list-->\r\n\t\t\t\t\t<ol class=\"fbc-items\" itemscope itemtype=\"https:\/\/schema.org\/BreadcrumbList\">\r\n\t\t\t\t\t\t            <li itemprop=\"itemListElement\" itemscope itemtype=\"https:\/\/schema.org\/ListItem\">\r\n                <span itemprop=\"name\">\r\n                    <!-- Home Link -->\r\n                    <a itemprop=\"item\" href=\"https:\/\/www.birds-online.de\/wp\">\r\n                    \r\n                                                    <i class=\"fa fa-home\" aria-hidden=\"true\"><\/i>                    <\/a>\r\n                <\/span>\r\n                <meta itemprop=\"position\" content=\"1\" \/><!-- Meta Position-->\r\n             <\/li><li><span class=\"fbc-separator\">>><\/span><\/li><li class=\"active\" itemprop=\"itemListElement\" itemscope itemtype=\"https:\/\/schema.org\/ListItem\"><span itemprop=\"name\" title=\"Erfahrungsbericht Manni\">Erfahrungsbericht Manni<\/span><meta itemprop=\"position\" content=\"2\" \/><\/li>\t\t\t\t\t<\/ol>\r\n\t\t\t\t\t<div class=\"clearfix\"><\/div>\r\n\t\t\t\t<\/div>\r\n\t\t\t<\/div>\r\n\t\t\t\n\n\n\n<h2 class=\"wp-block-heading\">Erfahrungsbericht Manni<\/h2>\n\n\n\n<div style=\"height:40px\" aria-hidden=\"true\" class=\"wp-block-spacer\"><\/div>\n\n\n<div class=\"su-note\"  style=\"border-color:#badda9;border-radius:3px;-moz-border-radius:3px;-webkit-border-radius:3px;\"><div class=\"su-note-inner su-u-clearfix su-u-trim\" style=\"background-color:#d4f7c3;border-color:#ffffff;color:#333333;border-radius:3px;-moz-border-radius:3px;-webkit-border-radius:3px;\"><strong>Achtung:<\/strong>\u00a0Die auf Birds-Online.de angebotenen Texte und Bilder rund um das Thema Erkrankungen von V\u00f6geln sind als Informationsquelle gedacht. Bitte bringen Sie Ihre erkrankten V\u00f6gel immer schnellstm\u00f6glich zu einem fachkundigen Tierarzt!<\/div><\/div>\n\n\n\n<div style=\"height:40px\" aria-hidden=\"true\" class=\"wp-block-spacer\"><\/div>\n\n\n\n<p><em>Text von Birds-online.de, Bilder von Daniela Merkle, Juli 2007<\/em><\/p>\n\n\n<div class=\"wp-block-image\">\n<figure class=\"alignright\"><a href=\"https:\/\/www.birds-online.de\/wp-content\/uploads\/2018\/04\/buerzeldruesenveraenderung_bericht_manni01.jpg\" data-src=\"https:\/\/www.birds-online.de\/wp-content\/uploads\/2018\/04\/buerzeldruesenveraenderung_bericht_manni01.jpg\" data-thumb=\"https:\/\/www.birds-online.de\/wp-content\/uploads\/2018\/04\/buerzeldruesenveraenderung_bericht_manni01.jpg\" class=\"ml-lightbox-enabled\"><img loading=\"lazy\" decoding=\"async\" width=\"230\" height=\"267\" src=\"https:\/\/www.birds-online.de\/wp-content\/uploads\/2018\/04\/buerzeldruesenveraenderung_bericht_manni01.jpg\" alt=\"Wellensittich Manni litt an einer massiven Gewebever\u00e4nderung der B\u00fcrzeldr\u00fcse.\" class=\"wp-image-3679\"\/><\/a><figcaption class=\"wp-element-caption\">Wellensittich Manni litt an einer massiven Gewebever\u00e4nderung der B\u00fcrzeldr\u00fcse.<\/figcaption><\/figure>\n<\/div>\n\n\n<p>Im Folgenden finden Sie eine Schilderung dessen, wie sich eine Gewebever\u00e4nderung an der B\u00fcrzeldr\u00fcse auswirken kann. Der Fallbericht handelt von einem Wellensittichm\u00e4nnchen namens Manni. Es lebte bei liebevollen Vogelhaltern, die sich alle M\u00fche der Welt gaben, um ihn und seine Freunde bei bester Gesundheit zu erhalten. Ende Januar 2007 bemerkten sie, dass sich Mannis K\u00f6rperhaltung ver\u00e4ndert hatte und auch von der ihrer anderen V\u00f6gel abwich. Sein Schwanz bildete keine gerade Verl\u00e4ngerung des R\u00fcckens, sondern knickte am B\u00fcrzel nach unten ab. Bei genauem Hinsehen fiel au\u00dferdem auf, dass seine Schwanzfedern schief wuchsen. &#8220;Der schaut ja aus wie eine Schwalbe&#8221;, dachte sich seine Halterin Daniela. Zun\u00e4chst war sie jedoch noch nicht allzu sehr beunruhigt. Viel mehr verunsicherte sie die Tatsache, dass Mannis Wachshaut verf\u00e4rbt war. Ein zurate gezogener Tierarzt erkl\u00e4rte ihr, der Vogel sei gesund. Sie fragte, ob eventuell ein Hodentumor hinter der Verf\u00e4rbung der Nase stecken k\u00f6nnte. Man antwortete ihr, das k\u00f6nne man nicht sagen, und selbst wenn es so w\u00e4re, k\u00f6nne man nichts f\u00fcr Manni tun. Seine B\u00fcrzelgegend wurde zu diesem Zeitpunkt nicht untersucht, was sich schon bald als problematisch erweisen sollte.<\/p>\n\n\n\n<p>Das Gefieder des Vogels wurde in den folgenden Wochen zusehends unordentlicher, und bald sa\u00df Manni oft in sich zusammengesunken mit stark abgeknicktem Schwanz da. R\u00fcckblickend betrachtet vermutet seine Halterin, dass der Vogel zu diesem Zeitpunkt bereits unter Schmerzen gelitten hat, was ihr aber seinerzeit bedauerlicherweise nicht bewusst war. Anfang April 2007 blutete Manni im Bereich der B\u00fcrzeldr\u00fcse. Seine Halterin nahm anfangs an, es k\u00f6nne sich um einen <a href=\"https:\/\/www.birds-online.de\/wp\/bo\/gesundheit-handicaps\/gesundheit\/gefiederstoerungen\/blutkielverletzungen-altvoegel\/\">verletzten Blutkiel<\/a> gehandelt haben. Wieder und wieder benagte Manni die kleine Wunde, weshalb Daniela die Blessur mehrmals mit blutstillender Watte behandelte, um die Blutungen zu stoppen. Mit der Zeit wuchs die Blutkruste, bis sie be\u00e4ngstigende Ausma\u00dfe angenommen hatte. Mannis Halterin entschied, dass es an der Zeit sei, erneut einen Tierarzt zurate zu ziehen.<\/p>\n\n\n\n<div style=\"height:40px\" aria-hidden=\"true\" class=\"wp-block-spacer\"><\/div>\n\n\n\n<div class=\"wp-block-columns is-layout-flex wp-container-core-columns-is-layout-9d6595d7 wp-block-columns-is-layout-flex\">\n<div class=\"wp-block-column is-layout-flow wp-block-column-is-layout-flow\">\n<figure class=\"wp-block-image size-full\"><img loading=\"lazy\" decoding=\"async\" width=\"244\" height=\"300\" src=\"https:\/\/www.birds-online.de\/wp-content\/uploads\/2018\/04\/buerzeldruesenveraenderung_bericht_manni02.jpg\" alt=\"Zun\u00e4chst fiel Mannis seltsame K\u00f6rperhaltung auf.\" class=\"wp-image-3680\"\/><figcaption class=\"wp-element-caption\">Zun\u00e4chst fiel Mannis seltsame K\u00f6rperhaltung auf<\/figcaption><\/figure>\n<\/div>\n\n\n\n<div class=\"wp-block-column is-layout-flow wp-block-column-is-layout-flow\">\n<figure class=\"wp-block-image size-full\"><img loading=\"lazy\" decoding=\"async\" width=\"168\" height=\"300\" src=\"https:\/\/www.birds-online.de\/wp-content\/uploads\/2018\/04\/buerzeldruesenveraenderung_bericht_manni03.jpg\" alt=\"Die Schwanzfedern standen bald auseinander.\" class=\"wp-image-3681\"\/><figcaption class=\"wp-element-caption\">Die Schwanzfedern standen bald auseinander<\/figcaption><\/figure>\n<\/div>\n\n\n\n<div class=\"wp-block-column is-layout-flow wp-block-column-is-layout-flow\">\n<figure class=\"wp-block-image size-full\"><img loading=\"lazy\" decoding=\"async\" width=\"230\" height=\"256\" src=\"https:\/\/www.birds-online.de\/wp-content\/uploads\/2018\/04\/buerzeldruesenveraenderung_bericht_manni04.jpg\" alt=\"Manni litt sichtlich unter starken Schmerzen\" class=\"wp-image-3682\"\/><figcaption class=\"wp-element-caption\">Manni litt sichtlich unter starken Schmerzen<\/figcaption><\/figure>\n<\/div>\n<\/div>\n\n\n\n<div style=\"height:40px\" aria-hidden=\"true\" class=\"wp-block-spacer\"><\/div>\n\n\n\n<p>Am 23. April 2007 suchte sie eine Kleintier\u00e4rztin auf, die nicht auf die Behandlung von V\u00f6geln spezialisiert war. Die \u00c4rztin untersuchte Manni und diagnostizierte einen <a href=\"https:\/\/www.birds-online.de\/wp\/bo\/gesundheit-handicaps\/gesundheit\/hautkrankheiten\/tumoren\/\">Tumor<\/a> an der B\u00fcrzeldr\u00fcse. Danielas Partner war skeptisch und vermutete, dass es sich eventuell doch &#8220;nur&#8221; um eine gro\u00dfe Blutkruste samt Schwellung handeln k\u00f6nnte. Zu Hause angekommen, versuchte Danielas Partner vorsichtig, die Blutkruste zu entfernen. Inzwischen wissen beide, dass dies extrem heikel war und unbedingt von einem Tierarzt h\u00e4tte durchgef\u00fchrt werden m\u00fcssen.<\/p>\n\n\n<div class=\"wp-block-image\">\n<figure class=\"alignright\"><a href=\"https:\/\/www.birds-online.de\/wp-content\/uploads\/2018\/04\/buerzeldruesenveraenderung_bericht_manni05.jpg\" data-src=\"https:\/\/www.birds-online.de\/wp-content\/uploads\/2018\/04\/buerzeldruesenveraenderung_bericht_manni05.jpg\" data-thumb=\"https:\/\/www.birds-online.de\/wp-content\/uploads\/2018\/04\/buerzeldruesenveraenderung_bericht_manni05-300x298.jpg\" class=\"ml-lightbox-enabled\"><img loading=\"lazy\" decoding=\"async\" width=\"300\" height=\"298\" src=\"https:\/\/www.birds-online.de\/wp-content\/uploads\/2018\/04\/buerzeldruesenveraenderung_bericht_manni05-300x298.jpg\" alt=\"Erst sp\u00e4t fiel das volle Ausma\u00df der gravierenden Gewebever\u00e4nderung an Mannis B\u00fcrzeldr\u00fcse auf.\" class=\"wp-image-3683\" srcset=\"https:\/\/www.birds-online.de\/wp-content\/uploads\/2018\/04\/buerzeldruesenveraenderung_bericht_manni05-300x298.jpg 300w, https:\/\/www.birds-online.de\/wp-content\/uploads\/2018\/04\/buerzeldruesenveraenderung_bericht_manni05-150x150.jpg 150w, https:\/\/www.birds-online.de\/wp-content\/uploads\/2018\/04\/buerzeldruesenveraenderung_bericht_manni05.jpg 550w\" sizes=\"auto, (max-width: 300px) 100vw, 300px\" \/><\/a><figcaption class=\"wp-element-caption\">Erst sp\u00e4t fiel das volle Ausma\u00df der gravierenden Gewebever\u00e4nderung an Mannis B\u00fcrzeldr\u00fcse auf.<\/figcaption><\/figure>\n<\/div>\n\n\n<p>Was unter der Blutkruste zum Vorschein kam, lie\u00df die beiden Vogelhalter vor Entsetzen erstarren: Die B\u00fcrzelgegend war geschwollen, mehrere gro\u00dfe Kammern in der Haut waren zu sehen und dar\u00fcber hinaus erblickten sie einige Bereiche, die so wirkten, als schimmere Eiter durch die Haut. Das entsprechende Foto auf dieser Seite entstand unmittelbar nach dem L\u00f6sen der Blutkruste am Abend des 23. April 2007.<\/p>\n\n\n\n<p>Am n\u00e4chsten Tag wurde Manni einer Tier\u00e4rztin in einer Vogelklinik vorgestellt. Diese \u00c4rztin best\u00e4tigte den Verdacht auf einen Tumor. Der Vogel musste in der Klinik bleiben und wurde am Folgetag narkotisiert, um so viel Eiter wie m\u00f6glich zu entfernen. Weil Manni aufgrund seines bereits sehr angeschlagenen Gesundheitszustandes nach Einsch\u00e4tzung der \u00c4rztin nicht in eine tiefe <a href=\"https:\/\/www.birds-online.de\/wp\/bo\/gesundheit-handicaps\/gesundheit\/allgemein\/tierarztbesuch\/narkose\/\">Narkose<\/a> gelegt werden konnte, bereitete ihm der Eingriff gro\u00dfe Schmerzen. Die \u00c4rztin wagte deshalb nicht, s\u00e4mtlichen Eiter zu entfernen, weil sie bef\u00fcrchtete, die Schmerzen w\u00fcrden den Vogel umbringen.&nbsp;Er \u00fcberstand den Eingriff, bei dem erhebliche Mengen Eiter aus dem sehr gro\u00dfen Entz\u00fcndungsherd entfernt wurden. Die Narkose hatte er allerdings nicht besonders gut vertragen. Zwei Tage sp\u00e4ter sollte die Operation fortgesetzt werden, um den restlichen Eiter und eventuell vorhandenes tumor\u00f6ses Gewebe zu entfernen. Leider war Manni inzwischen zu schwach geworden, er starb am Nachmittag des 26.04.2007.<\/p>\n\n\n\n<p>Im Juli 2007 kontaktierte mich Daniela, um zu verstehen, was sich tats\u00e4chlich ereignet hatte. Sie hat sich dazu entschlossen, dass Mannis Geschichte an dieser Stelle ver\u00f6ffentlicht werden soll, damit andere Vogelhalter eine \u00e4hnliche Notlage bei ihren Tieren schneller erkennen und so vielleicht Leben retten k\u00f6nnen. Dann w\u00e4re Manni zumindest nicht ganz umsonst unter solch schrecklichen Umst\u00e4nden gestorben.<\/p>\n","protected":false},"excerpt":{"rendered":"<p>Fallbeispiel eines Wellensittichs, der an einem t\u00f6dlichen B\u00fcrzeldr\u00fcsentumor litt<\/p>\n","protected":false},"author":1,"featured_media":3678,"parent":1614,"menu_order":1,"comment_status":"closed","ping_status":"closed","template":"","meta":{"footnotes":""},"class_list":["post-1618","page","type-page","status-publish","has-post-thumbnail","hentry"],"_links":{"self":[{"href":"https:\/\/www.birds-online.de\/wp\/wp-json\/wp\/v2\/pages\/1618","targetHints":{"allow":["GET"]}}],"collection":[{"href":"https:\/\/www.birds-online.de\/wp\/wp-json\/wp\/v2\/pages"}],"about":[{"href":"https:\/\/www.birds-online.de\/wp\/wp-json\/wp\/v2\/types\/page"}],"author":[{"embeddable":true,"href":"https:\/\/www.birds-online.de\/wp\/wp-json\/wp\/v2\/users\/1"}],"replies":[{"embeddable":true,"href":"https:\/\/www.birds-online.de\/wp\/wp-json\/wp\/v2\/comments?post=1618"}],"version-history":[{"count":0,"href":"https:\/\/www.birds-online.de\/wp\/wp-json\/wp\/v2\/pages\/1618\/revisions"}],"up":[{"embeddable":true,"href":"https:\/\/www.birds-online.de\/wp\/wp-json\/wp\/v2\/pages\/1614"}],"wp:featuredmedia":[{"embeddable":true,"href":"https:\/\/www.birds-online.de\/wp\/wp-json\/wp\/v2\/media\/3678"}],"wp:attachment":[{"href":"https:\/\/www.birds-online.de\/wp\/wp-json\/wp\/v2\/media?parent=1618"}],"curies":[{"name":"wp","href":"https:\/\/api.w.org\/{rel}","templated":true}]}}