{"id":20960,"date":"2021-02-20T10:03:23","date_gmt":"2021-02-20T09:03:23","guid":{"rendered":"http:\/\/www.birds-online.de\/wp\/?page_id=20960"},"modified":"2024-05-05T08:56:19","modified_gmt":"2024-05-05T06:56:19","slug":"saglik","status":"publish","type":"page","link":"https:\/\/www.birds-online.de\/wp\/tr\/birds-online-turk\/saglik\/","title":{"rendered":"Sa\u011fl\u0131k"},"content":{"rendered":"\t\t\t<!-- Flexy Breadcrumb -->\r\n\t\t\t<div class=\"fbc fbc-page\">\r\n\r\n\t\t\t\t<!-- Breadcrumb wrapper -->\r\n\t\t\t\t<div class=\"fbc-wrap\">\r\n\r\n\t\t\t\t\t<!-- Ordered list-->\r\n\t\t\t\t\t<ol class=\"fbc-items\" itemscope itemtype=\"https:\/\/schema.org\/BreadcrumbList\">\r\n\t\t\t\t\t\t            <li itemprop=\"itemListElement\" itemscope itemtype=\"https:\/\/schema.org\/ListItem\">\r\n                <span itemprop=\"name\">\r\n                    <!-- Home Link -->\r\n                    <a itemprop=\"item\" href=\"https:\/\/www.birds-online.de\/wp\">\r\n                    \r\n                                                    <i class=\"fa fa-home\" aria-hidden=\"true\"><\/i>                    <\/a>\r\n                <\/span>\r\n                <meta itemprop=\"position\" content=\"1\" \/><!-- Meta Position-->\r\n             <\/li><li><span class=\"fbc-separator\">>><\/span><\/li><li class=\"active\" itemprop=\"itemListElement\" itemscope itemtype=\"https:\/\/schema.org\/ListItem\"><span itemprop=\"name\" title=\"Sa\u011fl\u0131k\">Sa\u011fl\u0131k<\/span><meta itemprop=\"position\" content=\"2\" \/><\/li>\t\t\t\t\t<\/ol>\r\n\t\t\t\t\t<div class=\"clearfix\"><\/div>\r\n\t\t\t\t<\/div>\r\n\t\t\t<\/div>\r\n\t\t\t\n\n\n\n<h2 class=\"wp-block-heading\">Sa\u011fl\u0131k<\/h2>\n\n\n<div class=\"wp-block-image\">\n<figure class=\"alignright\"><a href=\"https:\/\/www.birds-online.de\/wp-content\/uploads\/2018\/10\/zerrung01.jpg\" data-src=\"https:\/\/www.birds-online.de\/wp-content\/uploads\/2018\/10\/zerrung01.jpg\" data-thumb=\"https:\/\/www.birds-online.de\/wp-content\/uploads\/2018\/10\/zerrung01-300x225.jpg\" class=\"ml-lightbox-enabled\"><img loading=\"lazy\" decoding=\"async\" width=\"300\" height=\"225\" src=\"https:\/\/www.birds-online.de\/wp-content\/uploads\/2018\/10\/zerrung01-300x225.jpg\" alt=\"Lif kopmas\u0131 nedeniyle, ayak \u015fi\u015f ve k\u0131rzar\u0131k\" class=\"wp-image-21107\" srcset=\"https:\/\/www.birds-online.de\/wp-content\/uploads\/2018\/10\/zerrung01-300x225.jpg 300w, https:\/\/www.birds-online.de\/wp-content\/uploads\/2018\/10\/zerrung01-768x576.jpg 768w, https:\/\/www.birds-online.de\/wp-content\/uploads\/2018\/10\/zerrung01-700x525.jpg 700w, https:\/\/www.birds-online.de\/wp-content\/uploads\/2018\/10\/zerrung01.jpg 800w\" sizes=\"auto, (max-width: 300px) 100vw, 300px\" \/><\/a><figcaption class=\"wp-element-caption\">Lif kopmas\u0131 nedeniyle, ayak \u015fi\u015f ve k\u0131rzar\u0131k<\/figcaption><\/figure>\n<\/div>\n\n\n<p>Muhabbet Ku\u015flar\u0131 ve di\u011fer Ku\u015flar malesef hastalanabilir, ancak onlar\u0131 m\u00fcmk\u00fcn oldu\u011fu kadar t\u00fcye uygun tutmak i\u00e7in \u00e7ok \u00e7abal\u0131yoruz Bu B\u00f6l\u00fcmde Hastal\u0131klar ve onlar\u0131 nas\u0131l tan\u0131yaca\u011f\u0131n\u0131z hakk\u0131nda Bilgi bulacaks\u0131n\u0131z. Ku\u015flar hasta olduklar\u0131n\u0131 bize her zaman hemen g\u00f6stermezler, onun i\u00e7in erken te\u015fhis \u00f6zellikle \u00f6nemlidir.<\/p>\n\n\n\n<p>\u015eimdiye kadar sadece birka\u00e7 metin mevcut. Umar\u0131m gelecekte daha fazla Almanca metinleri T\u00fcrk\u00e7eye \u00e7evrilebilirim. O zaman onlar\u0131 sizin i\u00e7in burayada koyaca\u011f\u0131m.<\/p>\n\n\n\n<h3 class=\"wp-block-heading\">\u015eu ana kadar mevcut olan makaleler<\/h3>\n\n\n\n<!-- Page-list plugin v.5.9 wordpress.org\/plugins\/page-list\/ -->\n<div class=\"page-list page-list-ext \">\n<div class=\"page-list-ext-item\"><div class=\"page-list-ext-image\"><a href=\"https:\/\/www.birds-online.de\/wp\/tr\/birds-online-turk\/saglik\/ishalli-hastaliklar\/\" title=\"\u0130shalli hastal\u0131klar\"><img decoding=\"async\" src=\"https:\/\/www.birds-online.de\/wp-content\/uploads\/2018\/08\/beitragsbild_durchfall-150x150.jpg\" width=\"100\" alt=\"\u0130shalli hastal\u0131klar\" \/><\/a><\/div> <h3 class=\"page-list-ext-title\"><a href=\"https:\/\/www.birds-online.de\/wp\/tr\/birds-online-turk\/saglik\/ishalli-hastaliklar\/\" title=\"\u0130shalli hastal\u0131klar\">\u0130shalli hastal\u0131klar<\/a><\/h3><div class=\"page-list-ext-item-content\">\u0130shalli hastal\u0131klar<\/div><\/div>\n\n<\/div>\n\n\n\n<div class=\"wp-block-group\"><div class=\"wp-block-group__inner-container is-layout-constrained wp-block-group-is-layout-constrained\">\n<div style=\"height:40px\" aria-hidden=\"true\" class=\"wp-block-spacer\"><\/div>\n\n\n\n<hr class=\"wp-block-separator has-text-color has-alpha-channel-opacity has-background\" style=\"background-color:#4f7d1d;color:#4f7d1d\"\/>\n\n\n\n<div style=\"height:40px\" aria-hidden=\"true\" class=\"wp-block-spacer\"><\/div>\n<\/div><\/div>\n\n\n\n<p>Bu sayfa Damla \u015eahin taraf\u0131ndan T\u00fcrk\u00e7eye \u00e7evrildi.<\/p>\n\n\n\n<p>Almanca orijinal metin:&nbsp;<a href=\"https:\/\/www.birds-online.de\/wp\/bo\/gesundheit-handicaps\/gesundheit\/\">Gesundheit der V\u00f6gel<\/a><\/p>\n","protected":false},"excerpt":{"rendered":"<p>Sa\u011fl\u0131k<\/p>\n","protected":false},"author":1,"featured_media":20961,"parent":20939,"menu_order":4,"comment_status":"closed","ping_status":"closed","template":"","meta":{"footnotes":""},"class_list":["post-20960","page","type-page","status-publish","has-post-thumbnail","hentry"],"_links":{"self":[{"href":"https:\/\/www.birds-online.de\/wp\/wp-json\/wp\/v2\/pages\/20960","targetHints":{"allow":["GET"]}}],"collection":[{"href":"https:\/\/www.birds-online.de\/wp\/wp-json\/wp\/v2\/pages"}],"about":[{"href":"https:\/\/www.birds-online.de\/wp\/wp-json\/wp\/v2\/types\/page"}],"author":[{"embeddable":true,"href":"https:\/\/www.birds-online.de\/wp\/wp-json\/wp\/v2\/users\/1"}],"replies":[{"embeddable":true,"href":"https:\/\/www.birds-online.de\/wp\/wp-json\/wp\/v2\/comments?post=20960"}],"version-history":[{"count":0,"href":"https:\/\/www.birds-online.de\/wp\/wp-json\/wp\/v2\/pages\/20960\/revisions"}],"up":[{"embeddable":true,"href":"https:\/\/www.birds-online.de\/wp\/wp-json\/wp\/v2\/pages\/20939"}],"wp:featuredmedia":[{"embeddable":true,"href":"https:\/\/www.birds-online.de\/wp\/wp-json\/wp\/v2\/media\/20961"}],"wp:attachment":[{"href":"https:\/\/www.birds-online.de\/wp\/wp-json\/wp\/v2\/media?parent=20960"}],"curies":[{"name":"wp","href":"https:\/\/api.w.org\/{rel}","templated":true}]}}