{"id":2401,"date":"2017-07-22T11:29:42","date_gmt":"2017-07-22T09:29:42","guid":{"rendered":"http:\/\/www.birds-online.de\/wp\/?page_id=2401"},"modified":"2024-03-21T19:14:15","modified_gmt":"2024-03-21T18:14:15","slug":"einkaufsliste-zubehoer","status":"publish","type":"page","link":"https:\/\/www.birds-online.de\/wp\/bo\/kauf-eingewoehnung\/vor-dem-kauf\/einkaufsliste-zubehoer\/","title":{"rendered":"Einkaufsliste f\u00fcr Zubeh\u00f6r-Grundausstattung"},"content":{"rendered":"\t\t\t<!-- Flexy Breadcrumb -->\r\n\t\t\t<div class=\"fbc fbc-page\">\r\n\r\n\t\t\t\t<!-- Breadcrumb wrapper -->\r\n\t\t\t\t<div class=\"fbc-wrap\">\r\n\r\n\t\t\t\t\t<!-- Ordered list-->\r\n\t\t\t\t\t<ol class=\"fbc-items\" itemscope itemtype=\"https:\/\/schema.org\/BreadcrumbList\">\r\n\t\t\t\t\t\t            <li itemprop=\"itemListElement\" itemscope itemtype=\"https:\/\/schema.org\/ListItem\">\r\n                <span itemprop=\"name\">\r\n                    <!-- Home Link -->\r\n                    <a itemprop=\"item\" href=\"https:\/\/www.birds-online.de\/wp\">\r\n                    \r\n                                                    <i class=\"fa fa-home\" aria-hidden=\"true\"><\/i>                    <\/a>\r\n                <\/span>\r\n                <meta itemprop=\"position\" content=\"1\" \/><!-- Meta Position-->\r\n             <\/li><li><span class=\"fbc-separator\">>><\/span><\/li><li class=\"active\" itemprop=\"itemListElement\" itemscope itemtype=\"https:\/\/schema.org\/ListItem\"><span itemprop=\"name\" title=\"Einkaufsliste f\u00fcr Zubeh\u00f6r-Grundausstattung\">Einkaufsliste f\u00fcr Zubeh\u00f6r-Grundausstattung<\/span><meta itemprop=\"position\" content=\"2\" \/><\/li>\t\t\t\t\t<\/ol>\r\n\t\t\t\t\t<div class=\"clearfix\"><\/div>\r\n\t\t\t\t<\/div>\r\n\t\t\t<\/div>\r\n\t\t\t\n\n\n\n<h2 class=\"wp-block-heading\">Einkaufsliste f\u00fcr die Zubeh\u00f6r-Grundausstattung<\/h2>\n\n\n<div class=\"su-note\"  style=\"border-color:#badda9;border-radius:3px;-moz-border-radius:3px;-webkit-border-radius:3px;\"><div class=\"su-note-inner su-u-clearfix su-u-trim\" style=\"background-color:#d4f7c3;border-color:#ffffff;color:#333333;border-radius:3px;-moz-border-radius:3px;-webkit-border-radius:3px;\"><strong>Hinweis:<\/strong>\u00a0Die in diesem Beitrag beschriebenen Verhaltensweisen beziehen sich auf Wellensittiche. Auf andere Vogelarten sind die Angaben nicht in jedem Fall direkt \u00fcbertragbar. Zubeh\u00f6r, Futter und Co. f\u00fcr andere Vogelarten kann im Preis erhebliche Unterschiede aufweisen.<\/div><\/div>\n\n\n\n<div style=\"height:40px\" aria-hidden=\"true\" class=\"wp-block-spacer\"><\/div>\n\n\n<div class=\"wp-block-image\">\n<figure class=\"alignright\"><a href=\"https:\/\/www.birds-online.de\/wp-content\/uploads\/2018\/11\/wellensittich_laptop.jpg\" data-src=\"https:\/\/www.birds-online.de\/wp-content\/uploads\/2018\/11\/wellensittich_laptop.jpg\" data-thumb=\"https:\/\/www.birds-online.de\/wp-content\/uploads\/2018\/11\/wellensittich_laptop-300x225.jpg\" class=\"ml-lightbox-enabled\"><img loading=\"lazy\" decoding=\"async\" width=\"300\" height=\"225\" src=\"https:\/\/www.birds-online.de\/wp-content\/uploads\/2018\/11\/wellensittich_laptop-300x225.jpg\" alt=\"Vieles von dem, was Sie f\u00fcr Ihre V\u00f6gel ben\u00f6tigen, k\u00f6nnen Sie online bestellen.\" class=\"wp-image-7070\" srcset=\"https:\/\/www.birds-online.de\/wp-content\/uploads\/2018\/11\/wellensittich_laptop-300x225.jpg 300w, https:\/\/www.birds-online.de\/wp-content\/uploads\/2018\/11\/wellensittich_laptop-768x576.jpg 768w, https:\/\/www.birds-online.de\/wp-content\/uploads\/2018\/11\/wellensittich_laptop-700x525.jpg 700w, https:\/\/www.birds-online.de\/wp-content\/uploads\/2018\/11\/wellensittich_laptop.jpg 800w\" sizes=\"auto, (max-width: 300px) 100vw, 300px\" \/><\/a><figcaption class=\"wp-element-caption\">Vieles von dem, was Sie f\u00fcr Ihre V\u00f6gel ben\u00f6tigen, k\u00f6nnen Sie online bestellen.<\/figcaption><\/figure>\n<\/div>\n\n\n<p>Wenn Sie ganz sicher sind, dass das Halten von Wellensittichen (halten Sie diese Tiere bitte niemals einzeln) Ihnen Freude bereiten w\u00fcrde, dann sollten Sie den Einzug Ihrer neuen gefiederten Mitbewohner zuvor gut planen. Einiges an Zubeh\u00f6r muss unbedingt vor den Tieren in Ihrem angehenden Vogelhalter-Haushalt vorhanden sein.<\/p>\n\n\n\n<p>In diesem Kapitel finden Sie eine Einkaufsliste f\u00fcr das wichtigste Zubeh\u00f6r, das Sie als Einsteiger in die Vogelhaltung kaufen sollten, um den gefiederten Hausgenossen zuk\u00fcnftig ein gutes Heim bieten zu k\u00f6nnen. Selbstverst\u00e4ndlich erhebt diese Liste keinen Anspruch auf Vollst\u00e4ndigkeit. Im Einzelfall k\u00f6nnen etliche weitere Gegenst\u00e4nde auf Ihrer pers\u00f6nlichen Einkaufsliste stehen. Weil die Preisspanne der im Handel angebotenen Waren unterschiedlicher Anbieter teils extrem gro\u00df ist, sind an dieser Stelle nur grobe Preisangaben m\u00f6glich.<\/p>\n\n\n\n<p><strong>Tipp:<\/strong> Viele Dinge k\u00f6nnen bequem und vergleichsweise preisg\u00fcnstig bei Online-H\u00e4ndlern bezogen werden.<\/p>\n\n\n\n<h3 class=\"wp-block-heading\">Einkaufsliste f\u00fcr Wellensittichzubeh\u00f6r (Grundausstattung)<\/h3>\n\n\n\n<ul class=\"wp-block-list\">\n<li>K\u00e4fig oder Voliere (ab 150 \u20ac*)<\/li>\n\n\n\n<li>Artgerechte Sitzstangen, z. B. Natur\u00e4ste aus dem Fachhandel (ab 10 \u20ac* oder kostenlos aus dem Garten)<\/li>\n\n\n\n<li>Schaukeln, am besten unterschiedlich gro\u00df (ab 2 \u20ac* oder kostenlos wenn selbst gebaut aus Zweigen aus dem Garten)<\/li>\n\n\n\n<li>Sitzspiralen und Co. (ab 20 \u20ac*), bitte mehrere Exemplare kaufen (zum Installieren im K\u00e4fig und im Freiflugzimmer)<\/li>\n\n\n\n<li>K\u00e4figeinstreu (ab 2 \u20ac*)<\/li>\n\n\n\n<li>Futter- und Trinkn\u00e4pfe (ab 3 Euro pro \u20ac*)<\/li>\n\n\n\n<li>Futtermischung als Grundnahrung (ab 5 \u20ac* pro kg)<\/li>\n\n\n\n<li>Grit oder Mineralstein (ab 3 \u20ac*)<\/li>\n\n\n\n<li>Badegelegenheit (ab 10 \u20ac*)<\/li>\n\n\n\n<li>Kletterbaum (ab rund 50 \u20ac*)<\/li>\n\n\n\n<li>Wellensittichspielplatz (ab 30 \u20ac*)<\/li>\n\n\n\n<li>Wellensittichspielzeuge (ab 10 \u20ac* pro St\u00fcck)<\/li>\n\n\n\n<li>UV-Licht-Lampe f\u00fcr V\u00f6gel (ab 30 \u20ac*)<\/li>\n\n\n\n<li>Zus\u00e4tzlicher kleiner K\u00e4fig f\u00fcr Krankheitsf\u00e4lle und Tierarztbesuche (ab 70 \u20ac*)<\/li>\n\n\n\n<li>Transportbox (ab 15 \u20ac*)<\/li>\n\n\n\n<li>Hausapotheke f\u00fcr Vogelhalter (einzelne Bestandteile ab 2 \u20ac* bis 100 \u20ac*)<\/li>\n<\/ul>\n\n\n<div class=\"su-box su-box-style-soft\" id=\"\" style=\"border-color:#c7a85f;border-radius:3px;max-width:none\"><div class=\"su-box-title\" style=\"background-color:#fadb92;color:#ff0000;border-top-left-radius:1px;border-top-right-radius:1px\">Das sollten Sie nicht kaufen<\/div><div class=\"su-box-content su-u-clearfix su-u-trim\" style=\"border-bottom-left-radius:1px;border-bottom-right-radius:1px\">Nicht in den Vogelk\u00e4fig geh\u00f6ren Spiegel, Plastikv\u00f6gel und anderes sinnloses beziehungsweise gef\u00e4hrliches Spielzeug. Die Gr\u00fcnde daf\u00fcr k\u00f6nnen Sie <a href=\"https:\/\/www.birds-online.de\/wp\/bo\/unterbringung\/kaefig-voliere\/gefaehrliches-zubehoer\/\">hier<\/a> nachlesen.<\/div><\/div>\n\n\n\n<h3 class=\"wp-block-heading\">Darum brauchen Sie die oben aufgef\u00fchrte Grundausstattung<\/h3>\n\n\n<div class=\"wp-block-image\">\n<figure class=\"alignright\"><a href=\"https:\/\/www.birds-online.de\/wp-content\/uploads\/2019\/05\/ungeeigneter_kaefig01.jpg\" data-src=\"https:\/\/www.birds-online.de\/wp-content\/uploads\/2019\/05\/ungeeigneter_kaefig01.jpg\" data-thumb=\"https:\/\/www.birds-online.de\/wp-content\/uploads\/2019\/05\/ungeeigneter_kaefig01-300x225.jpg\" class=\"ml-lightbox-enabled\"><img loading=\"lazy\" decoding=\"async\" width=\"300\" height=\"225\" src=\"https:\/\/www.birds-online.de\/wp-content\/uploads\/2019\/05\/ungeeigneter_kaefig01-300x225.jpg\" alt=\"K\u00e4fige wie dieser sind f\u00fcr Wellensittiche als dauerhafte Behausung nicht geeignet, sie sind viel zu klein.\" class=\"wp-image-10543\" srcset=\"https:\/\/www.birds-online.de\/wp-content\/uploads\/2019\/05\/ungeeigneter_kaefig01-300x225.jpg 300w, https:\/\/www.birds-online.de\/wp-content\/uploads\/2019\/05\/ungeeigneter_kaefig01-768x576.jpg 768w, https:\/\/www.birds-online.de\/wp-content\/uploads\/2019\/05\/ungeeigneter_kaefig01-700x525.jpg 700w, https:\/\/www.birds-online.de\/wp-content\/uploads\/2019\/05\/ungeeigneter_kaefig01.jpg 800w\" sizes=\"auto, (max-width: 300px) 100vw, 300px\" \/><\/a><figcaption class=\"wp-element-caption\">K\u00e4fige wie dieser sind f\u00fcr Wellensittiche als dauerhafte Behausung nicht geeignet, sie sind viel zu klein.<\/figcaption><\/figure>\n<\/div>\n\n\n<p>Bei weitem nicht alle Halter verf\u00fcgen \u00fcber die M\u00f6glichkeit, ihren gefiederten Mitbewohnern ein Vogelzimmer als Unterbringung bieten zu k\u00f6nnen. Deshalb entscheiden sich die meisten Halter, einen K\u00e4fig oder eine Voliere zu kaufen. Die Anzahl der darin unterzubringenden Wellensittiche entscheidet dar\u00fcber, wie gro\u00df diese Behausung zu w\u00e4hlen ist. Bitte beachten Sie hierbei: Je ger\u00e4umiger K\u00e4fig oder Voliere sind, desto besser f\u00fcr die Tiere. &#8220;Zu gro\u00df&#8221; gibt es an sich nicht. Die im Handel angebotenen K\u00e4fige f\u00fcr Wellensittiche sind in vielen F\u00e4llen zu klein, sie entsprechen nicht einmal den Mindestanforderungen an die K\u00e4figgr\u00f6\u00dfe, die die <a href=\"https:\/\/www.tierschutz-tvt.de\" target=\"_blank\" rel=\"noopener\">Tier\u00e4rztliche Vereinigung f\u00fcr Tierschutz e. V.<\/a> in ihrem <a href=\"https:\/\/www.tierschutz-tvt.de\/alle-merkblaetter-und-stellungnahmen\/?no_cache=1&amp;download=TVT-MB_173_Heimtiere_Wellensittiche__2013_.pdf&amp;did=58\" target=\"_blank\" rel=\"noopener\">Merkblatt Nr. 173<\/a> angibt. Dies sollten Sie beim Kauf des K\u00e4figs oder der Voliere f\u00fcr Ihre V\u00f6gel von vorne herein bedenken. Mehr Informationen zum Thema finden Sie im Kapitel \u00fcber <a href=\"https:\/\/www.birds-online.de\/wp\/bo\/unterbringung\/kaefig-voliere\/\">K\u00e4fige und Volieren<\/a>.<\/p>\n\n\n<div class=\"wp-block-image\">\n<figure class=\"alignright\"><a href=\"https:\/\/www.birds-online.de\/wp-content\/uploads\/2019\/05\/naturast01.jpg\" data-src=\"https:\/\/www.birds-online.de\/wp-content\/uploads\/2019\/05\/naturast01.jpg\" data-thumb=\"https:\/\/www.birds-online.de\/wp-content\/uploads\/2019\/05\/naturast01-300x225.jpg\" class=\"ml-lightbox-enabled\"><img loading=\"lazy\" decoding=\"async\" width=\"300\" height=\"225\" src=\"https:\/\/www.birds-online.de\/wp-content\/uploads\/2019\/05\/naturast01-300x225.jpg\" alt=\"Natur\u00e4ste, die gern auch krumm und schief sein d\u00fcrfen, sind ideale Sitzgelegenheiten f\u00fcr Wellensittiche.\" class=\"wp-image-10545\" srcset=\"https:\/\/www.birds-online.de\/wp-content\/uploads\/2019\/05\/naturast01-300x225.jpg 300w, https:\/\/www.birds-online.de\/wp-content\/uploads\/2019\/05\/naturast01-768x576.jpg 768w, https:\/\/www.birds-online.de\/wp-content\/uploads\/2019\/05\/naturast01-700x525.jpg 700w, https:\/\/www.birds-online.de\/wp-content\/uploads\/2019\/05\/naturast01.jpg 800w\" sizes=\"auto, (max-width: 300px) 100vw, 300px\" \/><\/a><figcaption class=\"wp-element-caption\">Natur\u00e4ste, die gern auch krumm und schief sein d\u00fcrfen, sind ideale Sitzgelegenheiten f\u00fcr Wellensittiche.<\/figcaption><\/figure>\n<\/div>\n\n\n<p>In die Behausung Ihrer V\u00f6gel geh\u00f6ren selbstverst\u00e4ndlich artgerechte Sitzstangen. Im Fachhandel werden vielerorts gedrechselte Holzstangen angeboten, die jedoch nicht sonderlich gut auf die Bed\u00fcrfnisse der Wellensittiche abgestimmt sind. Dadurch, dass diese Stangen \u00fcberall denselben Durchmesser haben, werden permanent dieselben Stellen unter den F\u00fc\u00dfen der V\u00f6gel punktuell mit Druck belastet, was zur Entstehung sehr schmerzhafter <a href=\"https:\/\/www.birds-online.de\/wp\/bo\/gesundheit-handicaps\/gesundheit\/hautkrankheiten\/sohlengeschwuere\/\">Sohlengeschw\u00fcre<\/a>&nbsp;f\u00fchren kann. \u00c4hnlich sch\u00e4dlich f\u00fcr die Gesundheit Ihrer V\u00f6gel sind Stangen aus Kunststoff, wie sie in vielen Zoogesch\u00e4ften angeboten werden. Durch sie k\u00f6nnen ebenfalls Druckgeschw\u00fcre unter den F\u00fc\u00dfen entstehen. Richten Sie den K\u00e4fig oder die Voliere am besten mit Natur\u00e4sten und -zweigen ein, gern auch mit solchen, die krumm und schief gewachsen sind. Welche Holzarten daf\u00fcr geeignet sind, erfahren Sie <a href=\"https:\/\/www.birds-online.de\/wp\/bo\/unterbringung\/kaefig-voliere\/artgerechte-sitzstangen\/holzarten\/\">hier<\/a>.<\/p>\n\n\n<div class=\"wp-block-image\">\n<figure class=\"alignright\"><a href=\"https:\/\/www.birds-online.de\/wp-content\/uploads\/2019\/05\/sitzring01.jpg\" data-src=\"https:\/\/www.birds-online.de\/wp-content\/uploads\/2019\/05\/sitzring01.jpg\" data-thumb=\"https:\/\/www.birds-online.de\/wp-content\/uploads\/2019\/05\/sitzring01-300x225.jpg\" class=\"ml-lightbox-enabled\"><img loading=\"lazy\" decoding=\"async\" width=\"300\" height=\"225\" src=\"https:\/\/www.birds-online.de\/wp-content\/uploads\/2019\/05\/sitzring01-300x225.jpg\" alt=\"Schaukeln und Ringe zum darin sitzen sind bei Wellensittichen ausgesprochen beliebt.\" class=\"wp-image-10548\" srcset=\"https:\/\/www.birds-online.de\/wp-content\/uploads\/2019\/05\/sitzring01-300x225.jpg 300w, https:\/\/www.birds-online.de\/wp-content\/uploads\/2019\/05\/sitzring01-768x576.jpg 768w, https:\/\/www.birds-online.de\/wp-content\/uploads\/2019\/05\/sitzring01-700x525.jpg 700w, https:\/\/www.birds-online.de\/wp-content\/uploads\/2019\/05\/sitzring01.jpg 800w\" sizes=\"auto, (max-width: 300px) 100vw, 300px\" \/><\/a><figcaption class=\"wp-element-caption\">Schaukeln und Ringe zum darin sitzen sind bei Wellensittichen ausgesprochen beliebt.<\/figcaption><\/figure>\n<\/div>\n\n\n<p>Wellensittiche lieben Schaukeln. Der Fachhandel bietet solche Einrichtungsgegenst\u00e4nde in verschiedenen Gr\u00f6\u00dfen an. Das Problem dabei ist: Oftmals bestehen sie aus gedrechselten Stangen mit konstantem Durchmesser. Entscheiden Sie sich lieber f\u00fcr Schaukeln auf Basis von Natur\u00e4sten, wie sie im gut sortierten Spezialhandel erh\u00e4ltlich sind. Oder bauen Sie aus Natur\u00e4sten selbst Schaukeln f\u00fcr Ihre V\u00f6gel. Zus\u00e4tzlich zu \u00c4sten und Schaukeln m\u00f6gen Wellensittiche auch andere Sitzgelegenheiten wie Sitzspiralen oder Ringe aus Baumwolle oder \u00c4hnliches. Sie sollten im K\u00e4fig und im Freiflugzimmer als Sitzgelegenheiten f\u00fcr die Zeit au\u00dferhalb der Behausung nicht fehlen. Dar\u00fcber hinaus sollten im Freiflugzimmer Kletterb\u00e4ume und Spielpl\u00e4tze bereitstehen. Sch\u00f6n w\u00e4re es, wenn die V\u00f6gel zudem artgerechtes Spielzeug, also zum Beispiel Schredderspielzeuge, zur Verf\u00fcgung haben w\u00fcrden.<\/p>\n\n\n<div class=\"wp-block-image\">\n<figure class=\"alignright\"><a href=\"https:\/\/www.birds-online.de\/wp-content\/uploads\/2019\/02\/wellensittich_katharinasittich_kaefig01.jpg\" data-src=\"https:\/\/www.birds-online.de\/wp-content\/uploads\/2019\/02\/wellensittich_katharinasittich_kaefig01.jpg\" data-thumb=\"https:\/\/www.birds-online.de\/wp-content\/uploads\/2019\/02\/wellensittich_katharinasittich_kaefig01-300x225.jpg\" class=\"ml-lightbox-enabled\"><img loading=\"lazy\" decoding=\"async\" width=\"300\" height=\"225\" src=\"https:\/\/www.birds-online.de\/wp-content\/uploads\/2019\/02\/wellensittich_katharinasittich_kaefig01-300x225.jpg\" alt=\"Viele Vogelhalter entscheiden sich beim Kauf f\u00fcr Kunststoffn\u00e4pfe, doch solche aus Edelstahl sind hygienischer und haltbarer.\" class=\"wp-image-9020\" srcset=\"https:\/\/www.birds-online.de\/wp-content\/uploads\/2019\/02\/wellensittich_katharinasittich_kaefig01-300x225.jpg 300w, https:\/\/www.birds-online.de\/wp-content\/uploads\/2019\/02\/wellensittich_katharinasittich_kaefig01-768x576.jpg 768w, https:\/\/www.birds-online.de\/wp-content\/uploads\/2019\/02\/wellensittich_katharinasittich_kaefig01-700x525.jpg 700w, https:\/\/www.birds-online.de\/wp-content\/uploads\/2019\/02\/wellensittich_katharinasittich_kaefig01.jpg 800w\" sizes=\"auto, (max-width: 300px) 100vw, 300px\" \/><\/a><figcaption class=\"wp-element-caption\">Viele Vogelhalter entscheiden sich beim Kauf f\u00fcr Kunststoffn\u00e4pfe, doch solche aus Edelstahl sind hygienischer und haltbarer.<\/figcaption><\/figure>\n<\/div>\n\n\n<p>Damit der Boden des K\u00e4figs oder der Voliere ausgelegt werden kann, ben\u00f6tigen Sie eine Einstreu. Hier haben Sie die Wahl zwischen verschiedenen Materialien, die jeweils&nbsp;unterschiedlich viel kosten. Mehr dar\u00fcber erfahren Sie im <a href=\"https:\/\/www.birds-online.de\/wp\/bo\/unterbringung\/kaefig-voliere\/einstreu\/\">Kapitel \u00fcber Einstreu<\/a>. Futter und Wasser werden V\u00f6geln meist in N\u00e4pfen angeboten. Es gibt verschiedene Ausf\u00fchrungen, ich pers\u00f6nlich m\u00f6chte Ihnen f\u00fcr den K\u00e4fig oder die Voliere Edelstahln\u00e4pfe empfehlen. Sie sind leicht zu reinigen und sehr robust, das Geld ist also gut investiert. Und nat\u00fcrlich brauchen Sie bevor Ihre V\u00f6gel einziehen eine hochwertige Futtermischung als Grundnahrungsmittel f\u00fcr die Tiere. Grit oder ein Mineralstein sollten ebenfalls nicht fehlen. Ebenfalls sehr wichtig f\u00fcr die Gesundheit der V\u00f6gel ist das richtige Licht \u2013 sie ben\u00f6tigen UV-Strahlung, um gesund zu bleiben. Normale Leuchtmittel strahlen kein UV-Licht ab, Sie sollten deshalb im Fachhandel nach einer speziellen Vogellampe Ausschau halten.<\/p>\n\n\n<div class=\"wp-block-image\">\n<figure class=\"alignright\"><a href=\"https:\/\/www.birds-online.de\/wp-content\/uploads\/2018\/09\/trichomonaden-bericht_i_aufschlaeger01.jpg\" data-src=\"https:\/\/www.birds-online.de\/wp-content\/uploads\/2018\/09\/trichomonaden-bericht_i_aufschlaeger01.jpg\" data-thumb=\"https:\/\/www.birds-online.de\/wp-content\/uploads\/2018\/09\/trichomonaden-bericht_i_aufschlaeger01-300x225.jpg\" class=\"ml-lightbox-enabled\"><img loading=\"lazy\" decoding=\"async\" width=\"300\" height=\"225\" src=\"https:\/\/www.birds-online.de\/wp-content\/uploads\/2018\/09\/trichomonaden-bericht_i_aufschlaeger01-300x225.jpg\" alt=\"Eine flache Schale reicht Wellensittichen meist f\u00fcr den ultimativen Badespa\u00df.\" class=\"wp-image-4799\" srcset=\"https:\/\/www.birds-online.de\/wp-content\/uploads\/2018\/09\/trichomonaden-bericht_i_aufschlaeger01-300x225.jpg 300w, https:\/\/www.birds-online.de\/wp-content\/uploads\/2018\/09\/trichomonaden-bericht_i_aufschlaeger01-768x576.jpg 768w, https:\/\/www.birds-online.de\/wp-content\/uploads\/2018\/09\/trichomonaden-bericht_i_aufschlaeger01-700x525.jpg 700w, https:\/\/www.birds-online.de\/wp-content\/uploads\/2018\/09\/trichomonaden-bericht_i_aufschlaeger01.jpg 800w\" sizes=\"auto, (max-width: 300px) 100vw, 300px\" \/><\/a><figcaption class=\"wp-element-caption\">Eine flache Schale reicht Wellensittichen meist f\u00fcr den ultimativen Badespa\u00df.<\/figcaption><\/figure>\n<\/div>\n\n\n<p>Wenn Sie m\u00f6chten, k\u00f6nnen Sie f\u00fcr Ihre V\u00f6gel eine Badewanne zum Einh\u00e4ngen ins K\u00e4figt\u00fcrchen kaufen. Bedenken Sie aber bitte, dass nicht alle Wellensittiche gern in solchen Badewannen baden und dass diese Vorrichtungen herunterfallen k\u00f6nnen. Die dadurch frei werdende \u00d6ffnung im K\u00e4fig kann im ung\u00fcnstigsten Fall dazu f\u00fchren, dass Ihre V\u00f6gel <a href=\"https:\/\/www.birds-online.de\/wp\/bo\/allgemeines\/entflogen\/\">entfliegen<\/a>, wenn das Fenster gerade ge\u00f6ffnet ist. Mehr zum Thema Badevorlieben der Wellensittiche finden Sie <a href=\"https:\/\/www.birds-online.de\/wp\/bo\/verhalten\/badevorlieben\/\">hier<\/a>. In dem Beitrag erfahren Sie, dass viele V\u00f6gel es lieber m\u00f6gen, nicht in einer beengten Badewanne zum Einh\u00e4ngen in den K\u00e4fig zu plantschen. Ihnen ist es lieber, wenn sie mehr Bewegungsfreiheit haben \u2013 da reicht h\u00e4ufig eine flache, kleine Schale schon aus. Ein solches Vogelbad ist hinsichtlich der zuvor erw\u00e4hnten Gefahr des Entfliegens erheblich sicherer als Vogelbadewannen zum Einh\u00e4ngen ins ge\u00f6ffnete K\u00e4figt\u00fcrchen.<\/p>\n\n\n<div class=\"wp-block-image\">\n<figure class=\"alignright\"><a href=\"https:\/\/www.birds-online.de\/wp-content\/uploads\/2017\/12\/wellensittich_in_transportbox01.jpg\" data-src=\"https:\/\/www.birds-online.de\/wp-content\/uploads\/2017\/12\/wellensittich_in_transportbox01.jpg\" data-thumb=\"https:\/\/www.birds-online.de\/wp-content\/uploads\/2017\/12\/wellensittich_in_transportbox01-300x225.jpg\" class=\"ml-lightbox-enabled\"><img loading=\"lazy\" decoding=\"async\" width=\"300\" height=\"225\" src=\"https:\/\/www.birds-online.de\/wp-content\/uploads\/2017\/12\/wellensittich_in_transportbox01-300x225.jpg\" alt=\"Wellensittich in einer Transportbox.\" class=\"wp-image-2826\" srcset=\"https:\/\/www.birds-online.de\/wp-content\/uploads\/2017\/12\/wellensittich_in_transportbox01-300x225.jpg 300w, https:\/\/www.birds-online.de\/wp-content\/uploads\/2017\/12\/wellensittich_in_transportbox01-768x576.jpg 768w, https:\/\/www.birds-online.de\/wp-content\/uploads\/2017\/12\/wellensittich_in_transportbox01-700x525.jpg 700w, https:\/\/www.birds-online.de\/wp-content\/uploads\/2017\/12\/wellensittich_in_transportbox01.jpg 800w\" sizes=\"auto, (max-width: 300px) 100vw, 300px\" \/><\/a><figcaption class=\"wp-element-caption\">Wellensittich in einer Transportbox.<\/figcaption><\/figure>\n<\/div>\n\n\n<p>Neben dem gro\u00dfen K\u00e4fig oder der Voliere ben\u00f6tigen Sie au\u00dferdem einen kleinen K\u00e4fig, den Sie ebenfalls voll ausstatten sollten und der als <a href=\"https:\/\/www.birds-online.de\/wp\/bo\/gesundheit-handicaps\/gesundheit\/allgemein\/krankenkaefig-einrichten\/\">Krankenk\u00e4fig<\/a> dienen kann. Das bedeutet, in diesem K\u00e4fig k\u00f6nnen Sie eines Ihrer Tiere vor\u00fcbergehend unterbringen, wenn es erkrankt ist. In einem solchen Krankenk\u00e4fig lassen sich V\u00f6gel gegebenenfalls auch zum Tierarzt transportieren. F\u00fcr letzteres sollten Sie au\u00dferdem eine Transportbox zur Hand haben. Ihre Hausapotheke sollte Sie in die Lage versetzen, vor einem Tierarztbesuch Erste Hilfe zu leisten. Was in die Vogelhalter-Hausapotheke geh\u00f6rt, k\u00f6nnen Sie <a href=\"https:\/\/www.birds-online.de\/wp\/bo\/gesundheit-handicaps\/gesundheit\/allgemein\/hausapotheke-fuer-vogelhalter\/\">hier<\/a> nachlesen. Dar\u00fcber hinaus k\u00f6nnen Sie sich von Ihrem Tierarzt beraten lassen, er kann Ihnen sicher gute Tipps zur Hausapotheke f\u00fcr Vogelhalter geben.<\/p>\n\n\n<div class=\"su-note\"  style=\"border-color:#e0c178;border-radius:3px;-moz-border-radius:3px;-webkit-border-radius:3px;\"><div class=\"su-note-inner su-u-clearfix su-u-trim\" style=\"background-color:#fadb92;border-color:#ffffff;color:#444444;border-radius:3px;-moz-border-radius:3px;-webkit-border-radius:3px;\">Sp\u00e4testens jetzt sollte Ihnen klar sein: Selbst wenn Sie nur eine minimale Grundausstattung einkaufen und ihre Hausapotheke f\u00fcr Vogelhalter mit den n\u00f6tigsten Dingen best\u00fccken, kommen Kosten von <strong>mindestens 300 \u20ac*<\/strong> auf Sie zu, es k\u00f6nnen aber auch leicht <strong>\u00fcber 500 \u20ac*<\/strong> werden. Planen Sie dies bitte unbedingt vor der Anschaffung von Wellensittichen ein und halten Sie gen\u00fcgend Geld in Reserve, um die n\u00f6tige <a href=\"https:\/\/www.birds-online.de\/wp\/bo\/gesundheit-handicaps\/gesundheit\/allgemein\/tierarztbesuch\/eingangsuntersuchung\/\">Eingangsuntersuchung<\/a> jedes neuen Vogels beim Tierarzt bezahlen zu k\u00f6nnen.<\/div><\/div>\n\n\n\n<div style=\"height:50px\" aria-hidden=\"true\" class=\"wp-block-spacer\"><\/div>\n\n\n\n<hr class=\"wp-block-separator has-text-color has-alpha-channel-opacity has-background\" style=\"background-color:#4f7d1d;color:#4f7d1d\"\/>\n\n\n\n<p>* Alle Preisangaben ohne Gew\u00e4hr!<\/p>\n","protected":false},"excerpt":{"rendered":"<p>Hier erfahren Sie, was zur Grundausstattung f\u00fcr die Wellensittichhaltung geh\u00f6rt<\/p>\n","protected":false},"author":1,"featured_media":7068,"parent":2381,"menu_order":3,"comment_status":"closed","ping_status":"closed","template":"","meta":{"footnotes":""},"class_list":["post-2401","page","type-page","status-publish","has-post-thumbnail","hentry"],"_links":{"self":[{"href":"https:\/\/www.birds-online.de\/wp\/wp-json\/wp\/v2\/pages\/2401","targetHints":{"allow":["GET"]}}],"collection":[{"href":"https:\/\/www.birds-online.de\/wp\/wp-json\/wp\/v2\/pages"}],"about":[{"href":"https:\/\/www.birds-online.de\/wp\/wp-json\/wp\/v2\/types\/page"}],"author":[{"embeddable":true,"href":"https:\/\/www.birds-online.de\/wp\/wp-json\/wp\/v2\/users\/1"}],"replies":[{"embeddable":true,"href":"https:\/\/www.birds-online.de\/wp\/wp-json\/wp\/v2\/comments?post=2401"}],"version-history":[{"count":0,"href":"https:\/\/www.birds-online.de\/wp\/wp-json\/wp\/v2\/pages\/2401\/revisions"}],"up":[{"embeddable":true,"href":"https:\/\/www.birds-online.de\/wp\/wp-json\/wp\/v2\/pages\/2381"}],"wp:featuredmedia":[{"embeddable":true,"href":"https:\/\/www.birds-online.de\/wp\/wp-json\/wp\/v2\/media\/7068"}],"wp:attachment":[{"href":"https:\/\/www.birds-online.de\/wp\/wp-json\/wp\/v2\/media?parent=2401"}],"curies":[{"name":"wp","href":"https:\/\/api.w.org\/{rel}","templated":true}]}}