{"id":669,"date":"2017-07-13T15:14:10","date_gmt":"2017-07-13T13:14:10","guid":{"rendered":"http:\/\/www.birds-online.de\/wp\/?page_id=669"},"modified":"2024-04-15T13:33:13","modified_gmt":"2024-04-15T11:33:13","slug":"neues-vom-7-1-2006","status":"publish","type":"page","link":"https:\/\/www.birds-online.de\/wp\/bo\/dies-und-das\/tierschutz-aktionen\/43-wellis-in-not\/nachrichtenarchiv\/neues-vom-7-1-2006\/","title":{"rendered":"Neues vom 7.1.2006"},"content":{"rendered":"\t\t\t<!-- Flexy Breadcrumb -->\r\n\t\t\t<div class=\"fbc fbc-page\">\r\n\r\n\t\t\t\t<!-- Breadcrumb wrapper -->\r\n\t\t\t\t<div class=\"fbc-wrap\">\r\n\r\n\t\t\t\t\t<!-- Ordered list-->\r\n\t\t\t\t\t<ol class=\"fbc-items\" itemscope itemtype=\"https:\/\/schema.org\/BreadcrumbList\">\r\n\t\t\t\t\t\t            <li itemprop=\"itemListElement\" itemscope itemtype=\"https:\/\/schema.org\/ListItem\">\r\n                <span itemprop=\"name\">\r\n                    <!-- Home Link -->\r\n                    <a itemprop=\"item\" href=\"https:\/\/www.birds-online.de\/wp\">\r\n                    \r\n                                                    <i class=\"fa fa-home\" aria-hidden=\"true\"><\/i>                    <\/a>\r\n                <\/span>\r\n                <meta itemprop=\"position\" content=\"1\" \/><!-- Meta Position-->\r\n             <\/li><li><span class=\"fbc-separator\">>><\/span><\/li><li class=\"active\" itemprop=\"itemListElement\" itemscope itemtype=\"https:\/\/schema.org\/ListItem\"><span itemprop=\"name\" title=\"Neues vom 7.1.2006\">Neues vom 7.1.2006<\/span><meta itemprop=\"position\" content=\"2\" \/><\/li>\t\t\t\t\t<\/ol>\r\n\t\t\t\t\t<div class=\"clearfix\"><\/div>\r\n\t\t\t\t<\/div>\r\n\t\t\t<\/div>\r\n\t\t\t\n\n\n\n<h2 class=\"wp-block-heading\">Neues vom 7.1.2006<\/h2>\n\n\n\n<p>Liebe Vogelfreund*innen,<\/p>\n\n\n<div class=\"wp-block-image\">\n<figure class=\"alignright is-resized\"><a href=\"https:\/\/www.birds-online.de\/wp-content\/uploads\/2020\/06\/43_dortmund-wellis117.jpg\" data-src=\"https:\/\/www.birds-online.de\/wp-content\/uploads\/2020\/06\/43_dortmund-wellis117.jpg\" data-thumb=\"https:\/\/www.birds-online.de\/wp-content\/uploads\/2020\/06\/43_dortmund-wellis117.jpg\" class=\"ml-lightbox-enabled\"><img loading=\"lazy\" decoding=\"async\" width=\"600\" height=\"800\" src=\"https:\/\/www.birds-online.de\/wp-content\/uploads\/2020\/06\/43_dortmund-wellis117.jpg\" alt=\"Kurz vor ihrem Tod hatte Lucy endlich mal auf einem Bein gesessen und gezwitschert\" class=\"wp-image-17841\" style=\"width:300px\" srcset=\"https:\/\/www.birds-online.de\/wp-content\/uploads\/2020\/06\/43_dortmund-wellis117.jpg 600w, https:\/\/www.birds-online.de\/wp-content\/uploads\/2020\/06\/43_dortmund-wellis117-225x300.jpg 225w\" sizes=\"auto, (max-width: 600px) 100vw, 600px\" \/><\/a><figcaption class=\"wp-element-caption\">Kurz vor ihrem Tod hatte Lucy endlich mal auf einem Bein gesessen und gezwitschert<\/figcaption><\/figure>\n<\/div>\n\n\n<p>ein weiteres Mal musste ich heute Abschied von einem der Sch\u00fctzlinge aus der ehemals 43 Wellensittiche umfassenden Vogelgruppe nehmen. Lucy, um deren Leben ich seit Wochen gek\u00e4mpft habe, hat heute Mittag ihre Augen f\u00fcr immer geschlossen. Seit einigen Tagen war ihr Gesundheitszustand endlich stabiler geworden, so schien es zumindest. Es ist drei Tage her, dass ich sie zum ersten Mal zwitschern h\u00f6rte. Auch hat sie zum ersten Mal auf einem Bein sitzend geschlafen. Sie wirkte rundum zufrieden und gl\u00fccklich. Aber das alles war wohl nur ein letztes Aufb\u00e4umen gegen das Unvermeidliche &#8230;<\/p>\n\n\n\n<p>Die lange Krankheit hat Lucy zu sehr geschw\u00e4cht, ein \u00dcberleben war allem Anschein nach nicht mehr m\u00f6glich. Zu gravierend muss die bakterielle Infektion gewesen sein, die in den vergangenen Monaten wieder und wieder aufgeflammt ist. Wie alt die liebenswerte Vogeldame geworden ist, wei\u00df ich nicht. Als sie zusammen mit den 42 anderen V\u00f6geln Anfang September 2005 aus ihrem vorherigen Zuhause geholt worden war, da war sie schon erwachsen, und das sicher seit geraumer Zeit. Ich vermute, dass Lucy einige Jahre alt gewesen sein k\u00f6nnte.<\/p>\n\n\n<div class=\"wp-block-image\">\n<figure class=\"alignright\"><a href=\"https:\/\/www.birds-online.de\/wp-content\/uploads\/2020\/06\/43_dortmund-wellis118.jpg\" data-src=\"https:\/\/www.birds-online.de\/wp-content\/uploads\/2020\/06\/43_dortmund-wellis118.jpg\" data-thumb=\"https:\/\/www.birds-online.de\/wp-content\/uploads\/2020\/06\/43_dortmund-wellis118-300x225.jpg\" class=\"ml-lightbox-enabled\"><img loading=\"lazy\" decoding=\"async\" width=\"300\" height=\"225\" src=\"https:\/\/www.birds-online.de\/wp-content\/uploads\/2020\/06\/43_dortmund-wellis118-300x225.jpg\" alt=\"In Gedenken an Lucy\" class=\"wp-image-17842\" srcset=\"https:\/\/www.birds-online.de\/wp-content\/uploads\/2020\/06\/43_dortmund-wellis118-300x225.jpg 300w, https:\/\/www.birds-online.de\/wp-content\/uploads\/2020\/06\/43_dortmund-wellis118-768x576.jpg 768w, https:\/\/www.birds-online.de\/wp-content\/uploads\/2020\/06\/43_dortmund-wellis118-700x525.jpg 700w, https:\/\/www.birds-online.de\/wp-content\/uploads\/2020\/06\/43_dortmund-wellis118.jpg 800w\" sizes=\"auto, (max-width: 300px) 100vw, 300px\" \/><\/a><figcaption class=\"wp-element-caption\">In Gedenken an Lucy<\/figcaption><\/figure>\n<\/div>\n\n\n<p>Obwohl sie monatelang krank war, war sie doch meist recht agil und man sah ihr an, dass sie k\u00e4mpfte, um zu \u00fcberleben. In ihren Augen war immer dieser Glanz, der mir verriet, dass sie voll und ganz bei der Sache war. Ihr Blick war stets neugierig, manchmal wirkte er fragend. Als sie noch bei den Tiersch\u00fctzern in meiner Heimatstadt untergebracht war, da hatte ich sie schon ins Herz geschlossen. Seit sie zum P\u00e4ppeln und f\u00fcr eine intensive Pflege in meiner Obhut war, noch viel mehr. Mit ihrem zur\u00fcckhaltenden und trotzdem charmanten Wesen hat sie meine Zuneigung gewonnen und ich habe mir gew\u00fcnscht, f\u00fcr sie ein ganz besonders sch\u00f6nes Zuhause zu finden, in das sie nach ihrer Genesung ziehen sollte. Leider hatte das Schicksal andere Pl\u00e4ne mit der freundlichen blauen Vogeldame. Mir bleiben nur die vielen Fotos und meine Erinnerungen an ihre guten Tage. Ich hoffe, Lucy hat gesp\u00fcrt, wie gern ich sie hatte.<\/p>\n\n\n\n<p>Das Titelbild dieser Seite zeigt die leider aus dem Leben geschiedene Wellensittichdame Lucy.<\/p>\n","protected":false},"excerpt":{"rendered":"<p>Nachrichten vom 7.1.2006<\/p>\n","protected":false},"author":1,"featured_media":17975,"parent":604,"menu_order":31,"comment_status":"closed","ping_status":"closed","template":"","meta":{"footnotes":""},"class_list":["post-669","page","type-page","status-publish","has-post-thumbnail","hentry"],"_links":{"self":[{"href":"https:\/\/www.birds-online.de\/wp\/wp-json\/wp\/v2\/pages\/669","targetHints":{"allow":["GET"]}}],"collection":[{"href":"https:\/\/www.birds-online.de\/wp\/wp-json\/wp\/v2\/pages"}],"about":[{"href":"https:\/\/www.birds-online.de\/wp\/wp-json\/wp\/v2\/types\/page"}],"author":[{"embeddable":true,"href":"https:\/\/www.birds-online.de\/wp\/wp-json\/wp\/v2\/users\/1"}],"replies":[{"embeddable":true,"href":"https:\/\/www.birds-online.de\/wp\/wp-json\/wp\/v2\/comments?post=669"}],"version-history":[{"count":0,"href":"https:\/\/www.birds-online.de\/wp\/wp-json\/wp\/v2\/pages\/669\/revisions"}],"up":[{"embeddable":true,"href":"https:\/\/www.birds-online.de\/wp\/wp-json\/wp\/v2\/pages\/604"}],"wp:featuredmedia":[{"embeddable":true,"href":"https:\/\/www.birds-online.de\/wp\/wp-json\/wp\/v2\/media\/17975"}],"wp:attachment":[{"href":"https:\/\/www.birds-online.de\/wp\/wp-json\/wp\/v2\/media?parent=669"}],"curies":[{"name":"wp","href":"https:\/\/api.w.org\/{rel}","templated":true}]}}