{"id":7347,"date":"2018-11-29T19:32:42","date_gmt":"2018-11-29T18:32:42","guid":{"rendered":"http:\/\/www.birds-online.de\/wp\/?page_id=7347"},"modified":"2024-02-28T12:59:14","modified_gmt":"2024-02-28T11:59:14","slug":"roter-hartriegel","status":"publish","type":"page","link":"https:\/\/www.birds-online.de\/wp\/bo\/ernaehrung\/gesundes-aus-der-natur\/beeren-steinfruechte\/roter-hartriegel\/","title":{"rendered":"Roter Hartriegel (Cornus sanguinea)"},"content":{"rendered":"\t\t\t<!-- Flexy Breadcrumb -->\r\n\t\t\t<div class=\"fbc fbc-page\">\r\n\r\n\t\t\t\t<!-- Breadcrumb wrapper -->\r\n\t\t\t\t<div class=\"fbc-wrap\">\r\n\r\n\t\t\t\t\t<!-- Ordered list-->\r\n\t\t\t\t\t<ol class=\"fbc-items\" itemscope itemtype=\"https:\/\/schema.org\/BreadcrumbList\">\r\n\t\t\t\t\t\t            <li itemprop=\"itemListElement\" itemscope itemtype=\"https:\/\/schema.org\/ListItem\">\r\n                <span itemprop=\"name\">\r\n                    <!-- Home Link -->\r\n                    <a itemprop=\"item\" href=\"https:\/\/www.birds-online.de\/wp\">\r\n                    \r\n                                                    <i class=\"fa fa-home\" aria-hidden=\"true\"><\/i>                    <\/a>\r\n                <\/span>\r\n                <meta itemprop=\"position\" content=\"1\" \/><!-- Meta Position-->\r\n             <\/li><li><span class=\"fbc-separator\">>><\/span><\/li><li class=\"active\" itemprop=\"itemListElement\" itemscope itemtype=\"https:\/\/schema.org\/ListItem\"><span itemprop=\"name\" title=\"Roter Hartriegel (Cornus sanguinea)\">Roter Hartriegel (Cornus sanguinea)<\/span><meta itemprop=\"position\" content=\"2\" \/><\/li>\t\t\t\t\t<\/ol>\r\n\t\t\t\t\t<div class=\"clearfix\"><\/div>\r\n\t\t\t\t<\/div>\r\n\t\t\t<\/div>\r\n\t\t\t\n\n\n\n<h2 class=\"wp-block-heading\">Roter Hartriegel<\/h2>\n\n\n<div class=\"wp-block-image\">\n<figure class=\"alignright\"><a href=\"https:\/\/www.birds-online.de\/wp-content\/uploads\/2018\/11\/hartriegel01.jpg\" data-src=\"https:\/\/www.birds-online.de\/wp-content\/uploads\/2018\/11\/hartriegel01.jpg\" data-thumb=\"https:\/\/www.birds-online.de\/wp-content\/uploads\/2018\/11\/hartriegel01-300x225.jpg\" class=\"ml-lightbox-enabled\"><img loading=\"lazy\" decoding=\"async\" width=\"300\" height=\"225\" src=\"https:\/\/www.birds-online.de\/wp-content\/uploads\/2018\/11\/hartriegel01-300x225.jpg\" alt=\"Roter Hartriegel (Cornus sanguinea), Fr\u00fcchte\" class=\"wp-image-7275\" srcset=\"https:\/\/www.birds-online.de\/wp-content\/uploads\/2018\/11\/hartriegel01-300x225.jpg 300w, https:\/\/www.birds-online.de\/wp-content\/uploads\/2018\/11\/hartriegel01-768x576.jpg 768w, https:\/\/www.birds-online.de\/wp-content\/uploads\/2018\/11\/hartriegel01-700x525.jpg 700w, https:\/\/www.birds-online.de\/wp-content\/uploads\/2018\/11\/hartriegel01.jpg 800w\" sizes=\"auto, (max-width: 300px) 100vw, 300px\" \/><\/a><figcaption class=\"wp-element-caption\">Roter Hartriegel (<em>Cornus sanguinea<\/em>), Fr\u00fcchte<\/figcaption><\/figure>\n<\/div>\n\n\n<p>An den ein bis f\u00fcnf Meter hohen B\u00fcschen des Roten Hartriegels (<em>Cornus sanguinea<\/em>) finden sich im August und September reife, dunkel purpurn bis schwarz gef\u00e4rbte Fr\u00fcchte (Beeren), die in Trugdolden zusammen an meist roten Fruchtstielen h\u00e4ngen. Diese Pflanzenart w\u00e4chst meist zu B\u00e4umen heran, die 2 bis 4 m, selten bis zu 8 m gro\u00df werden k\u00f6nnen. Zu finden ist der Rote Hartriegel beispielsweise in Parkanlagen sowie in G\u00e4rten, wo er als Zierpflanze kultiviert wird. Er geh\u00f6rt zur Familie der Hartriegelgew\u00e4chse (Cornaceae).<\/p>\n\n\n\n<p>Zwar sind die bitter schmeckenden Beeren f\u00fcr den Menschen ungenie\u00dfbar. F\u00fcr V\u00f6gel stellen sie jedoch eine Delikatesse dar, wenngleich einige Zierv\u00f6gel erst einmal mit seinem etwas ungew\u00f6hnlichen Geschmack vertraut werden m\u00fcssen.<\/p>\n\n\n\n<div style=\"height:40px\" aria-hidden=\"true\" class=\"wp-block-spacer\"><\/div>\n\n\n<div class=\"su-box su-box-style-soft\" id=\"\" style=\"border-color:#c7a85f;border-radius:3px;max-width:none\"><div class=\"su-box-title\" style=\"background-color:#fadb92;color:#ff0000;border-top-left-radius:1px;border-top-right-radius:1px\">Hinweis<\/div><div class=\"su-box-content su-u-clearfix su-u-trim\" style=\"border-bottom-left-radius:1px;border-bottom-right-radius:1px\">Den Fr\u00fcchten des Roten Hartriegels wird oft nachgesagt, giftig zu sein. Dies ist jedoch nicht wahr. Weil sie roh f\u00fcr den Menschen ungenie\u00dfbar sind, h\u00e4lt sich aber leider hartn\u00e4ckig das Ger\u00fccht der angeblichen Giftigkeit dieser Beeren.<\/div><\/div>\n\n\n\n<div style=\"height:40px\" aria-hidden=\"true\" class=\"wp-block-spacer\"><\/div>\n\n\n\n<p><strong>Tipp:<\/strong> Mehr Fotos dieser Pflanzenart finden Sie auf <a href=\"https:\/\/NABU-naturgucker.de\/?art=1874886750&amp;tab=3\" target=\"_blank\" rel=\"noopener\">NABU-naturgucker.de<\/a>.<\/p>\n","protected":false},"excerpt":{"rendered":"<p>Informationen \u00fcber den Roten Hartriegel<\/p>\n","protected":false},"author":1,"featured_media":7261,"parent":2066,"menu_order":16,"comment_status":"closed","ping_status":"closed","template":"","meta":{"footnotes":""},"class_list":["post-7347","page","type-page","status-publish","has-post-thumbnail","hentry"],"_links":{"self":[{"href":"https:\/\/www.birds-online.de\/wp\/wp-json\/wp\/v2\/pages\/7347","targetHints":{"allow":["GET"]}}],"collection":[{"href":"https:\/\/www.birds-online.de\/wp\/wp-json\/wp\/v2\/pages"}],"about":[{"href":"https:\/\/www.birds-online.de\/wp\/wp-json\/wp\/v2\/types\/page"}],"author":[{"embeddable":true,"href":"https:\/\/www.birds-online.de\/wp\/wp-json\/wp\/v2\/users\/1"}],"replies":[{"embeddable":true,"href":"https:\/\/www.birds-online.de\/wp\/wp-json\/wp\/v2\/comments?post=7347"}],"version-history":[{"count":0,"href":"https:\/\/www.birds-online.de\/wp\/wp-json\/wp\/v2\/pages\/7347\/revisions"}],"up":[{"embeddable":true,"href":"https:\/\/www.birds-online.de\/wp\/wp-json\/wp\/v2\/pages\/2066"}],"wp:featuredmedia":[{"embeddable":true,"href":"https:\/\/www.birds-online.de\/wp\/wp-json\/wp\/v2\/media\/7261"}],"wp:attachment":[{"href":"https:\/\/www.birds-online.de\/wp\/wp-json\/wp\/v2\/media?parent=7347"}],"curies":[{"name":"wp","href":"https:\/\/api.w.org\/{rel}","templated":true}]}}