{"id":7507,"date":"2018-12-03T19:27:54","date_gmt":"2018-12-03T18:27:54","guid":{"rendered":"http:\/\/www.birds-online.de\/wp\/?page_id=7507"},"modified":"2024-02-28T16:22:37","modified_gmt":"2024-02-28T15:22:37","slug":"hasenschwaenzchen","status":"publish","type":"page","link":"https:\/\/www.birds-online.de\/wp\/bo\/ernaehrung\/gesundes-aus-der-natur\/wildgraeser\/hasenschwaenzchen\/","title":{"rendered":"Hasenschw\u00e4nzchen (Lagurus ovatus)"},"content":{"rendered":"\t\t\t<!-- Flexy Breadcrumb -->\r\n\t\t\t<div class=\"fbc fbc-page\">\r\n\r\n\t\t\t\t<!-- Breadcrumb wrapper -->\r\n\t\t\t\t<div class=\"fbc-wrap\">\r\n\r\n\t\t\t\t\t<!-- Ordered list-->\r\n\t\t\t\t\t<ol class=\"fbc-items\" itemscope itemtype=\"https:\/\/schema.org\/BreadcrumbList\">\r\n\t\t\t\t\t\t            <li itemprop=\"itemListElement\" itemscope itemtype=\"https:\/\/schema.org\/ListItem\">\r\n                <span itemprop=\"name\">\r\n                    <!-- Home Link -->\r\n                    <a itemprop=\"item\" href=\"https:\/\/www.birds-online.de\/wp\">\r\n                    \r\n                                                    <i class=\"fa fa-home\" aria-hidden=\"true\"><\/i>                    <\/a>\r\n                <\/span>\r\n                <meta itemprop=\"position\" content=\"1\" \/><!-- Meta Position-->\r\n             <\/li><li><span class=\"fbc-separator\">>><\/span><\/li><li class=\"active\" itemprop=\"itemListElement\" itemscope itemtype=\"https:\/\/schema.org\/ListItem\"><span itemprop=\"name\" title=\"Hasenschw\u00e4nzchen (Lagurus ovatus)\">Hasenschw\u00e4nzchen (Lagurus ovatus)<\/span><meta itemprop=\"position\" content=\"2\" \/><\/li>\t\t\t\t\t<\/ol>\r\n\t\t\t\t\t<div class=\"clearfix\"><\/div>\r\n\t\t\t\t<\/div>\r\n\t\t\t<\/div>\r\n\t\t\t\n\n\n\n<h2 class=\"wp-block-heading\">Hasenschw\u00e4nzchen<\/h2>\n\n\n\n<p>Zwischen 30 und 40 cm hoch kann das Hasenschw\u00e4nzchen&nbsp;(<em>Lagurus ovatus<\/em>) werden. Diese h\u00fcbsche Grasart aus der Familie der S\u00fc\u00dfgr\u00e4ser (Poaceae), die auch als Samtgras bezeichnet wird, stammt urspr\u00fcnglich aus der Mittelmeerregion stammt und wird in Mitteleuropa als Zierpflanze kultiviert. In w\u00e4rmebeg\u00fcnstigten Gegenden kann man sie jedoch an manchen Stellen Deutschlands auch in freier Natur antreffen. Ihren Namen hat diese Art daher, dass die Form der Fruchtst\u00e4nde an die Schw\u00e4nzchen von Hasen erinnert.<\/p>\n\n\n\n<p>Weil die \u00c4hren des Hasenschw\u00e4nzchens stark behaart beziehungsweise sehr flaumig sind, m\u00fcssen sich die meisten Heimv\u00f6gel erst einmal an diese Grasart als Frischfutter gew\u00f6hnen. Einen Versuch ist das Verf\u00fcttern jedoch wert, und wer m\u00f6chte, kann mit einer Nagelschere die feinen, langen Pflanzenteile an den Fruchtst\u00e4nden ein wenig k\u00fcrzen.<\/p>\n\n\n\n<p>halb reife Samenst\u00e4nde des Hasenschw\u00e4nzchens sind in Mitteleuropa von Mai bis Juli zu ernten.<\/p>\n\n\n\n<div class=\"wp-block-columns is-layout-flex wp-container-core-columns-is-layout-9d6595d7 wp-block-columns-is-layout-flex\">\n<div class=\"wp-block-column is-layout-flow wp-block-column-is-layout-flow\" style=\"flex-basis:45%\">\n<figure class=\"wp-block-image size-large\"><a href=\"https:\/\/www.birds-online.de\/wp-content\/uploads\/2018\/12\/Hasenschwaenzchen_manuel_m._v..jpg\" data-src=\"https:\/\/www.birds-online.de\/wp-content\/uploads\/2018\/12\/Hasenschwaenzchen_manuel_m._v..jpg\" data-thumb=\"https:\/\/www.birds-online.de\/wp-content\/uploads\/2018\/12\/Hasenschwaenzchen_manuel_m._v.-700x525.jpg\" class=\"ml-lightbox-enabled\"><img loading=\"lazy\" decoding=\"async\" width=\"700\" height=\"525\" src=\"https:\/\/www.birds-online.de\/wp-content\/uploads\/2018\/12\/Hasenschwaenzchen_manuel_m._v.-700x525.jpg\" alt=\"Hasenschw\u00e4nzchen (Lagurus ovatus)\" class=\"wp-image-7453\" srcset=\"https:\/\/www.birds-online.de\/wp-content\/uploads\/2018\/12\/Hasenschwaenzchen_manuel_m._v.-700x525.jpg 700w, https:\/\/www.birds-online.de\/wp-content\/uploads\/2018\/12\/Hasenschwaenzchen_manuel_m._v.-300x225.jpg 300w, https:\/\/www.birds-online.de\/wp-content\/uploads\/2018\/12\/Hasenschwaenzchen_manuel_m._v.-768x576.jpg 768w, https:\/\/www.birds-online.de\/wp-content\/uploads\/2018\/12\/Hasenschwaenzchen_manuel_m._v..jpg 800w\" sizes=\"auto, (max-width: 700px) 100vw, 700px\" \/><\/a><figcaption class=\"wp-element-caption\">Hasenschw\u00e4nzchen (<em>Lagurus ovatus<\/em>)<\/figcaption><\/figure>\n<\/div>\n\n\n\n<div class=\"wp-block-column is-layout-flow wp-block-column-is-layout-flow\" style=\"flex-basis:10%\"><\/div>\n\n\n\n<div class=\"wp-block-column is-layout-flow wp-block-column-is-layout-flow\" style=\"flex-basis:45%\">\n<figure class=\"wp-block-image size-large\"><a href=\"https:\/\/www.birds-online.de\/wp-content\/uploads\/2018\/12\/hasenschwaenzchen01.jpg\" data-src=\"https:\/\/www.birds-online.de\/wp-content\/uploads\/2018\/12\/hasenschwaenzchen01.jpg\" data-thumb=\"https:\/\/www.birds-online.de\/wp-content\/uploads\/2018\/12\/hasenschwaenzchen01-700x525.jpg\" class=\"ml-lightbox-enabled\"><img loading=\"lazy\" decoding=\"async\" width=\"700\" height=\"525\" src=\"https:\/\/www.birds-online.de\/wp-content\/uploads\/2018\/12\/hasenschwaenzchen01-700x525.jpg\" alt=\"Hasenschw\u00e4nzchen (Lagurus ovatus)\" class=\"wp-image-7454\" srcset=\"https:\/\/www.birds-online.de\/wp-content\/uploads\/2018\/12\/hasenschwaenzchen01-700x525.jpg 700w, https:\/\/www.birds-online.de\/wp-content\/uploads\/2018\/12\/hasenschwaenzchen01-300x225.jpg 300w, https:\/\/www.birds-online.de\/wp-content\/uploads\/2018\/12\/hasenschwaenzchen01-768x576.jpg 768w, https:\/\/www.birds-online.de\/wp-content\/uploads\/2018\/12\/hasenschwaenzchen01.jpg 800w\" sizes=\"auto, (max-width: 700px) 100vw, 700px\" \/><\/a><figcaption class=\"wp-element-caption\">Hasenschw\u00e4nzchen (<em>Lagurus ovatus<\/em>)<\/figcaption><\/figure>\n<\/div>\n<\/div>\n\n\n\n<div style=\"height:40px\" aria-hidden=\"true\" class=\"wp-block-spacer\"><\/div>\n\n\n\n<p><strong>Tipp:<\/strong> Mehr Fotos dieser Pflanzenart finden Sie auf <a href=\"https:\/\/NABU-naturgucker.de\/?art=-1666291535&amp;tab=3\" target=\"_blank\" rel=\"noopener\">NABU-naturgucker.de<\/a>.<\/p>\n","protected":false},"excerpt":{"rendered":"<p>Informationen \u00fcber das Hasenschw\u00e4nzchen<\/p>\n","protected":false},"author":1,"featured_media":7423,"parent":2022,"menu_order":12,"comment_status":"closed","ping_status":"closed","template":"","meta":{"footnotes":""},"class_list":["post-7507","page","type-page","status-publish","has-post-thumbnail","hentry"],"_links":{"self":[{"href":"https:\/\/www.birds-online.de\/wp\/wp-json\/wp\/v2\/pages\/7507","targetHints":{"allow":["GET"]}}],"collection":[{"href":"https:\/\/www.birds-online.de\/wp\/wp-json\/wp\/v2\/pages"}],"about":[{"href":"https:\/\/www.birds-online.de\/wp\/wp-json\/wp\/v2\/types\/page"}],"author":[{"embeddable":true,"href":"https:\/\/www.birds-online.de\/wp\/wp-json\/wp\/v2\/users\/1"}],"replies":[{"embeddable":true,"href":"https:\/\/www.birds-online.de\/wp\/wp-json\/wp\/v2\/comments?post=7507"}],"version-history":[{"count":0,"href":"https:\/\/www.birds-online.de\/wp\/wp-json\/wp\/v2\/pages\/7507\/revisions"}],"up":[{"embeddable":true,"href":"https:\/\/www.birds-online.de\/wp\/wp-json\/wp\/v2\/pages\/2022"}],"wp:featuredmedia":[{"embeddable":true,"href":"https:\/\/www.birds-online.de\/wp\/wp-json\/wp\/v2\/media\/7423"}],"wp:attachment":[{"href":"https:\/\/www.birds-online.de\/wp\/wp-json\/wp\/v2\/media?parent=7507"}],"curies":[{"name":"wp","href":"https:\/\/api.w.org\/{rel}","templated":true}]}}