{"id":825,"date":"2017-07-13T19:42:56","date_gmt":"2017-07-13T17:42:56","guid":{"rendered":"http:\/\/www.birds-online.de\/wp\/?page_id=825"},"modified":"2024-03-27T17:35:50","modified_gmt":"2024-03-27T16:35:50","slug":"urlaubsmitbringsel","status":"publish","type":"page","link":"https:\/\/www.birds-online.de\/wp\/bo\/dies-und-das\/humor\/urlaubsmitbringsel\/","title":{"rendered":"Urlaubsmitbringsel"},"content":{"rendered":"\t\t\t<!-- Flexy Breadcrumb -->\r\n\t\t\t<div class=\"fbc fbc-page\">\r\n\r\n\t\t\t\t<!-- Breadcrumb wrapper -->\r\n\t\t\t\t<div class=\"fbc-wrap\">\r\n\r\n\t\t\t\t\t<!-- Ordered list-->\r\n\t\t\t\t\t<ol class=\"fbc-items\" itemscope itemtype=\"https:\/\/schema.org\/BreadcrumbList\">\r\n\t\t\t\t\t\t            <li itemprop=\"itemListElement\" itemscope itemtype=\"https:\/\/schema.org\/ListItem\">\r\n                <span itemprop=\"name\">\r\n                    <!-- Home Link -->\r\n                    <a itemprop=\"item\" href=\"https:\/\/www.birds-online.de\/wp\">\r\n                    \r\n                                                    <i class=\"fa fa-home\" aria-hidden=\"true\"><\/i>                    <\/a>\r\n                <\/span>\r\n                <meta itemprop=\"position\" content=\"1\" \/><!-- Meta Position-->\r\n             <\/li><li><span class=\"fbc-separator\">>><\/span><\/li><li class=\"active\" itemprop=\"itemListElement\" itemscope itemtype=\"https:\/\/schema.org\/ListItem\"><span itemprop=\"name\" title=\"Urlaubsmitbringsel\">Urlaubsmitbringsel<\/span><meta itemprop=\"position\" content=\"2\" \/><\/li>\t\t\t\t\t<\/ol>\r\n\t\t\t\t\t<div class=\"clearfix\"><\/div>\r\n\t\t\t\t<\/div>\r\n\t\t\t<\/div>\r\n\t\t\t\n\n\n\n<h2 class=\"wp-block-heading\">Urlaubsmitbringsel<\/h2>\n\n\n\n<p><em>Comic erstellt am 12.02.2004, \u00fcberarbeitet im Mai 2020<\/em><\/p>\n\n\n\n<p>Ende Januar 2004 reiste ich f\u00fcr fast drei Wochen nach Costa Rica, um dort die Tier- und Pflanzenwelt zu bestaunen. F\u00fcr meine V\u00f6gel organisierte ich die beste Pflege, die man sich vorstellen konnte. Aber trotzdem waren sie m\u00e4chtig beleidigt, als ich nach Hause kam. Wie nicht anders zu erwarten war, verflog ihr \u00c4rger allerdings sehr schnell, als es um die Urlaubsmitbringsel ging. Selbstverst\u00e4ndlich hat jeder Vogel ein kleines Geschenk bekommen, hier werden exemplarisch nur zwei Geschenke gezeigt. Und nun \u2013 wie man in Costa Rica sagt: Pura vida!<\/p>\n\n\n\n<div class=\"wp-block-columns is-layout-flex wp-container-core-columns-is-layout-9d6595d7 wp-block-columns-is-layout-flex\">\n<div class=\"wp-block-column is-layout-flow wp-block-column-is-layout-flow\" style=\"flex-basis:80%\">\n<figure class=\"wp-block-image size-large\"><img loading=\"lazy\" decoding=\"async\" width=\"700\" height=\"520\" src=\"https:\/\/www.birds-online.de\/wp-content\/uploads\/2020\/05\/humor_urlaubsmitbringsel01-700x520.jpg\" alt=\"Urlaubsmitbringsel - Teil 1\" class=\"wp-image-16949\" srcset=\"https:\/\/www.birds-online.de\/wp-content\/uploads\/2020\/05\/humor_urlaubsmitbringsel01-700x520.jpg 700w, https:\/\/www.birds-online.de\/wp-content\/uploads\/2020\/05\/humor_urlaubsmitbringsel01-300x223.jpg 300w, https:\/\/www.birds-online.de\/wp-content\/uploads\/2020\/05\/humor_urlaubsmitbringsel01-768x570.jpg 768w, https:\/\/www.birds-online.de\/wp-content\/uploads\/2020\/05\/humor_urlaubsmitbringsel01.jpg 808w\" sizes=\"auto, (max-width: 700px) 100vw, 700px\" \/><\/figure>\n<\/div>\n\n\n\n<div class=\"wp-block-column is-layout-flow wp-block-column-is-layout-flow\"><\/div>\n<\/div>\n\n\n\n<div style=\"height:40px\" aria-hidden=\"true\" class=\"wp-block-spacer\"><\/div>\n\n\n\n<div class=\"wp-block-columns is-layout-flex wp-container-core-columns-is-layout-9d6595d7 wp-block-columns-is-layout-flex\">\n<div class=\"wp-block-column is-layout-flow wp-block-column-is-layout-flow\" style=\"flex-basis:80%\">\n<figure class=\"wp-block-image size-large\"><img loading=\"lazy\" decoding=\"async\" width=\"700\" height=\"525\" src=\"https:\/\/www.birds-online.de\/wp-content\/uploads\/2020\/05\/humor_urlaubsmitbringsel02-700x525.jpg\" alt=\"Urlaubsmitbringsel - Teil 2\" class=\"wp-image-16944\" srcset=\"https:\/\/www.birds-online.de\/wp-content\/uploads\/2020\/05\/humor_urlaubsmitbringsel02-700x525.jpg 700w, https:\/\/www.birds-online.de\/wp-content\/uploads\/2020\/05\/humor_urlaubsmitbringsel02-300x225.jpg 300w, https:\/\/www.birds-online.de\/wp-content\/uploads\/2020\/05\/humor_urlaubsmitbringsel02-768x576.jpg 768w, https:\/\/www.birds-online.de\/wp-content\/uploads\/2020\/05\/humor_urlaubsmitbringsel02.jpg 800w\" sizes=\"auto, (max-width: 700px) 100vw, 700px\" \/><\/figure>\n<\/div>\n\n\n\n<div class=\"wp-block-column is-layout-flow wp-block-column-is-layout-flow\"><\/div>\n<\/div>\n\n\n\n<div style=\"height:40px\" aria-hidden=\"true\" class=\"wp-block-spacer\"><\/div>\n\n\n\n<div class=\"wp-block-columns is-layout-flex wp-container-core-columns-is-layout-9d6595d7 wp-block-columns-is-layout-flex\">\n<div class=\"wp-block-column is-layout-flow wp-block-column-is-layout-flow\" style=\"flex-basis:80%\">\n<figure class=\"wp-block-image size-large\"><img loading=\"lazy\" decoding=\"async\" width=\"700\" height=\"525\" src=\"https:\/\/www.birds-online.de\/wp-content\/uploads\/2020\/05\/humor_urlaubsmitbringsel03-700x525.jpg\" alt=\"Urlaubsmitbringsel - Teil 3\" class=\"wp-image-16945\" srcset=\"https:\/\/www.birds-online.de\/wp-content\/uploads\/2020\/05\/humor_urlaubsmitbringsel03-700x525.jpg 700w, https:\/\/www.birds-online.de\/wp-content\/uploads\/2020\/05\/humor_urlaubsmitbringsel03-300x225.jpg 300w, https:\/\/www.birds-online.de\/wp-content\/uploads\/2020\/05\/humor_urlaubsmitbringsel03-768x576.jpg 768w, https:\/\/www.birds-online.de\/wp-content\/uploads\/2020\/05\/humor_urlaubsmitbringsel03.jpg 800w\" sizes=\"auto, (max-width: 700px) 100vw, 700px\" \/><\/figure>\n<\/div>\n\n\n\n<div class=\"wp-block-column is-layout-flow wp-block-column-is-layout-flow\"><\/div>\n<\/div>\n\n\n\n<div style=\"height:40px\" aria-hidden=\"true\" class=\"wp-block-spacer\"><\/div>\n\n\n\n<figure class=\"wp-block-image size-full\"><img loading=\"lazy\" decoding=\"async\" width=\"600\" height=\"600\" src=\"https:\/\/www.birds-online.de\/wp-content\/uploads\/2020\/05\/humor_urlaubsmitbringsel04.jpg\" alt=\"Urlaubsmitbringsel - Teil 4\" class=\"wp-image-16946\" srcset=\"https:\/\/www.birds-online.de\/wp-content\/uploads\/2020\/05\/humor_urlaubsmitbringsel04.jpg 600w, https:\/\/www.birds-online.de\/wp-content\/uploads\/2020\/05\/humor_urlaubsmitbringsel04-150x150.jpg 150w, https:\/\/www.birds-online.de\/wp-content\/uploads\/2020\/05\/humor_urlaubsmitbringsel04-300x300.jpg 300w\" sizes=\"auto, (max-width: 600px) 100vw, 600px\" \/><\/figure>\n\n\n\n<div style=\"height:40px\" aria-hidden=\"true\" class=\"wp-block-spacer\"><\/div>\n\n\n\n<div class=\"wp-block-columns is-layout-flex wp-container-core-columns-is-layout-9d6595d7 wp-block-columns-is-layout-flex\">\n<div class=\"wp-block-column is-layout-flow wp-block-column-is-layout-flow\" style=\"flex-basis:80%\">\n<figure class=\"wp-block-image size-full\"><img loading=\"lazy\" decoding=\"async\" width=\"600\" height=\"600\" src=\"https:\/\/www.birds-online.de\/wp-content\/uploads\/2020\/05\/humor_urlaubsmitbringsel05.jpg\" alt=\"Urlaubsmitbringsel - Teil 5\" class=\"wp-image-16947\" srcset=\"https:\/\/www.birds-online.de\/wp-content\/uploads\/2020\/05\/humor_urlaubsmitbringsel05.jpg 600w, https:\/\/www.birds-online.de\/wp-content\/uploads\/2020\/05\/humor_urlaubsmitbringsel05-150x150.jpg 150w, https:\/\/www.birds-online.de\/wp-content\/uploads\/2020\/05\/humor_urlaubsmitbringsel05-300x300.jpg 300w\" sizes=\"auto, (max-width: 600px) 100vw, 600px\" \/><\/figure>\n<\/div>\n\n\n\n<div class=\"wp-block-column is-layout-flow wp-block-column-is-layout-flow\"><\/div>\n<\/div>\n","protected":false},"excerpt":{"rendered":"<p>Wenn man eine Reise macht, werden nat\u00fcrlich Souvenirs mitgebracht \u2013 auch f\u00fcr die V\u00f6gel<\/p>\n","protected":false},"author":1,"featured_media":16948,"parent":819,"menu_order":20,"comment_status":"closed","ping_status":"closed","template":"","meta":{"footnotes":""},"class_list":["post-825","page","type-page","status-publish","has-post-thumbnail","hentry"],"_links":{"self":[{"href":"https:\/\/www.birds-online.de\/wp\/wp-json\/wp\/v2\/pages\/825","targetHints":{"allow":["GET"]}}],"collection":[{"href":"https:\/\/www.birds-online.de\/wp\/wp-json\/wp\/v2\/pages"}],"about":[{"href":"https:\/\/www.birds-online.de\/wp\/wp-json\/wp\/v2\/types\/page"}],"author":[{"embeddable":true,"href":"https:\/\/www.birds-online.de\/wp\/wp-json\/wp\/v2\/users\/1"}],"replies":[{"embeddable":true,"href":"https:\/\/www.birds-online.de\/wp\/wp-json\/wp\/v2\/comments?post=825"}],"version-history":[{"count":0,"href":"https:\/\/www.birds-online.de\/wp\/wp-json\/wp\/v2\/pages\/825\/revisions"}],"up":[{"embeddable":true,"href":"https:\/\/www.birds-online.de\/wp\/wp-json\/wp\/v2\/pages\/819"}],"wp:featuredmedia":[{"embeddable":true,"href":"https:\/\/www.birds-online.de\/wp\/wp-json\/wp\/v2\/media\/16948"}],"wp:attachment":[{"href":"https:\/\/www.birds-online.de\/wp\/wp-json\/wp\/v2\/media?parent=825"}],"curies":[{"name":"wp","href":"https:\/\/api.w.org\/{rel}","templated":true}]}}