{"id":998,"date":"2017-07-14T15:54:34","date_gmt":"2017-07-14T13:54:34","guid":{"rendered":"http:\/\/www.birds-online.de\/wp\/?page_id=998"},"modified":"2024-03-22T07:12:16","modified_gmt":"2024-03-22T06:12:16","slug":"windeier","status":"publish","type":"page","link":"https:\/\/www.birds-online.de\/wp\/bo\/zucht\/probleme-bei-der-zucht\/windeier\/","title":{"rendered":"Windeier"},"content":{"rendered":"\t\t\t<!-- Flexy Breadcrumb -->\r\n\t\t\t<div class=\"fbc fbc-page\">\r\n\r\n\t\t\t\t<!-- Breadcrumb wrapper -->\r\n\t\t\t\t<div class=\"fbc-wrap\">\r\n\r\n\t\t\t\t\t<!-- Ordered list-->\r\n\t\t\t\t\t<ol class=\"fbc-items\" itemscope itemtype=\"https:\/\/schema.org\/BreadcrumbList\">\r\n\t\t\t\t\t\t            <li itemprop=\"itemListElement\" itemscope itemtype=\"https:\/\/schema.org\/ListItem\">\r\n                <span itemprop=\"name\">\r\n                    <!-- Home Link -->\r\n                    <a itemprop=\"item\" href=\"https:\/\/www.birds-online.de\/wp\">\r\n                    \r\n                                                    <i class=\"fa fa-home\" aria-hidden=\"true\"><\/i>                    <\/a>\r\n                <\/span>\r\n                <meta itemprop=\"position\" content=\"1\" \/><!-- Meta Position-->\r\n             <\/li><li><span class=\"fbc-separator\">>><\/span><\/li><li class=\"active\" itemprop=\"itemListElement\" itemscope itemtype=\"https:\/\/schema.org\/ListItem\"><span itemprop=\"name\" title=\"Windeier\">Windeier<\/span><meta itemprop=\"position\" content=\"2\" \/><\/li>\t\t\t\t\t<\/ol>\r\n\t\t\t\t\t<div class=\"clearfix\"><\/div>\r\n\t\t\t\t<\/div>\r\n\t\t\t<\/div>\r\n\t\t\t\n\n\n\n<h2 class=\"wp-block-heading\">Windeier<\/h2>\n\n\n<div class=\"wp-block-image\">\n<figure class=\"alignright\"><a href=\"https:\/\/www.birds-online.de\/wp-content\/uploads\/2020\/04\/windei_wellensittich02.jpg\" data-src=\"https:\/\/www.birds-online.de\/wp-content\/uploads\/2020\/04\/windei_wellensittich02.jpg\" data-thumb=\"https:\/\/www.birds-online.de\/wp-content\/uploads\/2020\/04\/windei_wellensittich02-300x225.jpg\" class=\"ml-lightbox-enabled\"><img loading=\"lazy\" decoding=\"async\" width=\"300\" height=\"225\" src=\"https:\/\/www.birds-online.de\/wp-content\/uploads\/2020\/04\/windei_wellensittich02-300x225.jpg\" alt=\"Wenige Stunden zuvor gelegtes Windei eines Wellensittichs\" class=\"wp-image-16241\" srcset=\"https:\/\/www.birds-online.de\/wp-content\/uploads\/2020\/04\/windei_wellensittich02-300x225.jpg 300w, https:\/\/www.birds-online.de\/wp-content\/uploads\/2020\/04\/windei_wellensittich02-768x576.jpg 768w, https:\/\/www.birds-online.de\/wp-content\/uploads\/2020\/04\/windei_wellensittich02-700x525.jpg 700w, https:\/\/www.birds-online.de\/wp-content\/uploads\/2020\/04\/windei_wellensittich02.jpg 800w\" sizes=\"auto, (max-width: 300px) 100vw, 300px\" \/><\/a><figcaption class=\"wp-element-caption\">Wenige Stunden zuvor gelegtes Windei eines Wellensittichs<\/figcaption><\/figure>\n<\/div>\n\n\n<p>Normalerweise haben Vogeleier eine relativ harte Schale, die gr\u00f6\u00dftenteils aus Kalk (Kalzium) besteht. W\u00e4hrend des Entwicklungsprozesses der Vogeleier im K\u00f6rper der Weibchen kann es aus unterschiedlichen Gr\u00fcnden dazu kommen, dass die Schale nicht ordnungsgem\u00e4\u00df gebildet werden kann. Das hei\u00dft, das Innere der Eier \u2013 ihr Dotter und das Eiwei\u00df \u2013 wird lediglich von einer d\u00fcnnen Membran umh\u00fcllt. Diese Membran ist zwar relativ rei\u00dffest, aber dabei auch sehr weich. Solche Eier ohne eine harte Kalkschale werden als Windeier bezeichnet, mitunter wird auch der Begriff Weichschaleneier verwendet. Meist k\u00f6nnen die V\u00f6gel diese weichen Eier normal legen, wobei diese nicht einmal platzen. Mitunter kommt es aber auch vor, dass durch das Pressen beim Legevorgang die d\u00fcnne Membran rei\u00dft und das Windei teilweise im K\u00f6rper des Weibchens bleibt. Es sollte dann unbedingt m\u00f6glichst durch einen erfahrenen Tierarzt schnell entfernt werden, weil es ein m\u00f6glicher Infektionsherd ist.<\/p>\n\n\n\n<p>Das folgende Video belegt, wie weich die Schale eines Windeis ist. Das im Film gezeigte Ei wurde von einem Diamantt\u00e4ubchen gelegt.<\/p>\n\n\n\n<div style=\"height:40px\" aria-hidden=\"true\" class=\"wp-block-spacer\"><\/div>\n\n\n\n<figure class=\"wp-block-video\"><video height=\"320\" style=\"aspect-ratio: 480 \/ 320;\" width=\"480\" controls src=\"https:\/\/www.birds-online.de\/wp-content\/uploads\/2020\/03\/windei_diamanttaube01.mp4\"><\/video><\/figure>\n\n\n\n<h3 class=\"wp-block-heading\">M\u00f6gliche Ursachen f\u00fcr die Entstehung von Windeiern<\/h3>\n\n\n<div class=\"wp-block-image\">\n<figure class=\"alignright\"><a href=\"https:\/\/www.birds-online.de\/wp-content\/uploads\/2020\/03\/windei_diamanttaube01.jpg\" data-src=\"https:\/\/www.birds-online.de\/wp-content\/uploads\/2020\/03\/windei_diamanttaube01.jpg\" data-thumb=\"https:\/\/www.birds-online.de\/wp-content\/uploads\/2020\/03\/windei_diamanttaube01-300x225.jpg\" class=\"ml-lightbox-enabled\"><img loading=\"lazy\" decoding=\"async\" width=\"300\" height=\"225\" src=\"https:\/\/www.birds-online.de\/wp-content\/uploads\/2020\/03\/windei_diamanttaube01-300x225.jpg\" alt=\"Intaktes, bereits ein wenig eingetrocknetes Windei eines Diamantt\u00e4ubchens\" class=\"wp-image-15469\" srcset=\"https:\/\/www.birds-online.de\/wp-content\/uploads\/2020\/03\/windei_diamanttaube01-300x225.jpg 300w, https:\/\/www.birds-online.de\/wp-content\/uploads\/2020\/03\/windei_diamanttaube01-768x576.jpg 768w, https:\/\/www.birds-online.de\/wp-content\/uploads\/2020\/03\/windei_diamanttaube01-700x525.jpg 700w, https:\/\/www.birds-online.de\/wp-content\/uploads\/2020\/03\/windei_diamanttaube01.jpg 800w\" sizes=\"auto, (max-width: 300px) 100vw, 300px\" \/><\/a><figcaption class=\"wp-element-caption\">Intaktes, bereits ein wenig eingetrocknetes Windei eines Diamantt\u00e4ubchens<\/figcaption><\/figure>\n<\/div>\n\n\n<p>Steht dem K\u00f6rper eines Vogelweibchens nicht gen\u00fcgend Kalzium zur Verf\u00fcgung oder liegt eine gravierende Erkrankung vor, kann es zur Bildung solcher Windeier kommen. Das bedeutet, dass neben organischen Ursachen wie beispielsweise Legedarmentz\u00fcndungen oder Tumoren im Bauchraum vor allem die Ern\u00e4hrung ausschlaggebend sein kann, wenn es zur Ablage von Windeiern kommt. Auch \u00fcberm\u00e4\u00dfige Ersch\u00f6pfung des K\u00f6rpers infolge des Legens zu vieler Eier in zu kurzer Zeit ist eine typische Ursache f\u00fcr das Auftreten von Windeiern. Meist kann man dem Auftreten von Windeiern durch das Verabreichen kalziumreicher Nahrung oder in besonders schweren F\u00e4llen auch durch die Eingabe von Kalziumpr\u00e4paraten verhindern.<\/p>\n\n\n\n<p>Letzteres sollte aber niemals in Eigenregie erfolgen, sondern immer nur in Absprache mit einem vogelkundigen Tierarzt.&nbsp;Es k\u00f6nnte zu unbeabsichtigten Nebenwirkungen kommen, so dass es stets erforderlich ist, einen Arzt zu Rate zu ziehen. Zudem k\u00f6nnte im Einzelfall die zus\u00e4tzliche Gabe eines Vitamin-D-Pr\u00e4parates sinnvoll sein, weil dieses Vitamin die Kalziumaufnahme im K\u00f6rper verbessern kann. Dies kann und sollte der behandelnde Tierarzt entscheiden.<\/p>\n\n\n\n<p>\u00dcbrigens: Bei Legehennen, die in der Massenproduktion von Eiern f\u00fcr die Lebensmittelindustrie eingesetzt werden, kann eine Virusinfektion der Eileiter f\u00fcr das Legen von Windeiern verantwortlich sein. Bei Wellensittichen und anderen Heimv\u00f6geln treten diese Viren f\u00fcr gew\u00f6hnlich jedoch nicht auf.<\/p>\n\n\n\n<h3 class=\"wp-block-heading\">Windeier als Ausl\u00f6ser einer Legenot<\/h3>\n\n\n\n<p>In vielen F\u00e4llen k\u00f6nnen Vogelweibchen Windeier nicht selbstst\u00e4ndig legen und erleiden eine <a href=\"https:\/\/www.birds-online.de\/wp\/bo\/zucht\/probleme-bei-der-zucht\/legenot-erkennen\/\" data-type=\"page\" data-id=\"1014\">Legenot<\/a>. Der Grund daf\u00fcr ist h\u00e4ufig, dass die Muskelkontraktionen, mit denen die Eier normalerweise aus der Kloake gepresst werden, bei Windeiern nicht greifen k\u00f6nnen. Die Muskeln ziehen sich zusammen und dr\u00fccken die weichen Eier ein, anstatt sie in Richtung hinterer K\u00f6rper\u00f6ffnung zu bewegen. Liegt ein Windei im K\u00f6rper stundenlang an derselben Stelle, ohne dass das Pressen zur Eiablage f\u00fchrt, ersch\u00f6pft dies die Vogelweibchen enorm. Durch Windeier verursachte Legekomplikationen k\u00f6nnen zum Tode f\u00fchren, wenn nicht schnell genug eingegriffen wird, um den betroffenen V\u00f6geln zu helfen.<\/p>\n\n\n\n<h3 class=\"wp-block-heading\">Was tun, wenn ein Windei gelegt wurde?<\/h3>\n\n\n<div class=\"wp-block-image\">\n<figure class=\"alignright\"><a href=\"https:\/\/www.birds-online.de\/wp-content\/uploads\/2020\/04\/windei_wellensittich03.jpg\" data-src=\"https:\/\/www.birds-online.de\/wp-content\/uploads\/2020\/04\/windei_wellensittich03.jpg\" data-thumb=\"https:\/\/www.birds-online.de\/wp-content\/uploads\/2020\/04\/windei_wellensittich03-300x225.jpg\" class=\"ml-lightbox-enabled\"><img loading=\"lazy\" decoding=\"async\" width=\"300\" height=\"225\" src=\"https:\/\/www.birds-online.de\/wp-content\/uploads\/2020\/04\/windei_wellensittich03-300x225.jpg\" alt=\"Bei eingetrockneten Windeiern ist die erstarrte H\u00fclle hart und teils sehr scharfkantig\" class=\"wp-image-16239\" srcset=\"https:\/\/www.birds-online.de\/wp-content\/uploads\/2020\/04\/windei_wellensittich03-300x225.jpg 300w, https:\/\/www.birds-online.de\/wp-content\/uploads\/2020\/04\/windei_wellensittich03-768x576.jpg 768w, https:\/\/www.birds-online.de\/wp-content\/uploads\/2020\/04\/windei_wellensittich03-700x525.jpg 700w, https:\/\/www.birds-online.de\/wp-content\/uploads\/2020\/04\/windei_wellensittich03.jpg 800w\" sizes=\"auto, (max-width: 300px) 100vw, 300px\" \/><\/a><figcaption class=\"wp-element-caption\">Bei eingetrockneten Windeiern ist die erstarrte H\u00fclle hart und teils sehr scharfkantig<\/figcaption><\/figure>\n<\/div>\n\n\n<p>Wurde ein Windei hingegen vom Vogel selbstst\u00e4ndig gelegt und ist es intakt geblieben, ist es am besten umgehend aus dem Nest zu entfernen. Unmittelbar nach dem Legen sind Windeier zwar meist wie normale Eier geformt. Weil die Membran aber sehr d\u00fcnn ist, trocknen diese Eier schnell aus. Das bedeutet, Fl\u00fcssigkeit aus dem Eiwei\u00df im Inneren verdunstet und die d\u00fcnne H\u00fclle sackt in sich zusammen. Oftmals bildet sich dann eine typische Einbuchtung. Zudem werden die Windeier durch den Trocknungsprozess mit der Zeit hart und scharfkantig. Ein br\u00fctendes Weibchen k\u00f6nnte sich daran verletzen. Dasselbe gilt f\u00fcr bereits geschl\u00fcpfte Jungv\u00f6gel. Ihre empfindliche Haut kann an den Kanten eines im Nest liegenden Windeis aufgescheuert werden, zudem sind Schnittwunden m\u00f6glich.<\/p>\n\n\n<div class=\"wp-block-image\">\n<figure class=\"alignright\"><a href=\"https:\/\/www.birds-online.de\/wp-content\/uploads\/2020\/03\/windei_wellensittich01.jpg\" data-src=\"https:\/\/www.birds-online.de\/wp-content\/uploads\/2020\/03\/windei_wellensittich01.jpg\" data-thumb=\"https:\/\/www.birds-online.de\/wp-content\/uploads\/2020\/03\/windei_wellensittich01-300x225.jpg\" class=\"ml-lightbox-enabled\"><img loading=\"lazy\" decoding=\"async\" width=\"300\" height=\"225\" src=\"https:\/\/www.birds-online.de\/wp-content\/uploads\/2020\/03\/windei_wellensittich01-300x225.jpg\" alt=\"Ausgelaufenes Windei eines Wellensittichs\" class=\"wp-image-15470\" srcset=\"https:\/\/www.birds-online.de\/wp-content\/uploads\/2020\/03\/windei_wellensittich01-300x225.jpg 300w, https:\/\/www.birds-online.de\/wp-content\/uploads\/2020\/03\/windei_wellensittich01-768x576.jpg 768w, https:\/\/www.birds-online.de\/wp-content\/uploads\/2020\/03\/windei_wellensittich01-700x525.jpg 700w, https:\/\/www.birds-online.de\/wp-content\/uploads\/2020\/03\/windei_wellensittich01.jpg 800w\" sizes=\"auto, (max-width: 300px) 100vw, 300px\" \/><\/a><figcaption class=\"wp-element-caption\">Ausgelaufenes Windei eines Wellensittichs<\/figcaption><\/figure>\n<\/div>\n\n\n<p>Noch nicht eingetrocknete Windeier k\u00f6nnen au\u00dferdem unter dem Gewicht des br\u00fctenden Weibchens im Nest platzen. Geschieht dies, verkleben Dotter und Eiwei\u00df mit den anderen Eiern und dem Gefieder des Weibchens. Wer einmal versucht hat, den eingetrockneten Eis von Kochgeschirr zu beseitigen, dem wird sofort klar sein, wie schwierig es wird, diese harte Kruste vom Gelege und vom Gefieder der Vogelmutter zu entfernen. Vermeidung solcher Verunreinigungen sind deshalb von gr\u00f6\u00dfter Wichtigkeit.<\/p>\n\n\n\n<p>Von allergr\u00f6\u00dfter Wichtigkeit ist au\u00dferdem die Ursachenforschung, weshalb der betroffene Vogel Weichschaleneier produziert. Gegebenenfalls muss das Weibchen aus der Zucht genommen und erst gesund gepflegt werden oder es muss die Ern\u00e4hrung optimiert werden.<\/p>\n\n\n\n<div style=\"height:40px\" aria-hidden=\"true\" class=\"wp-block-spacer\"><\/div>\n\n\n<div class=\"su-box su-box-style-soft\" id=\"\" style=\"border-color:#c7a85f;border-radius:3px;max-width:none\"><div class=\"su-box-title\" style=\"background-color:#fadb92;color:#ff0000;border-top-left-radius:1px;border-top-right-radius:1px\">Weiterer Lesetipp<\/div><div class=\"su-box-content su-u-clearfix su-u-trim\" style=\"border-bottom-left-radius:1px;border-bottom-right-radius:1px\">\n\n<!-- Page-list plugin v.5.9 wordpress.org\/plugins\/page-list\/ -->\n<div class=\"page-list page-list-ext \">\n<div class=\"page-list-ext-item\"><div class=\"page-list-ext-image\"><a href=\"https:\/\/www.birds-online.de\/wp\/bo\/zucht\/probleme-bei-der-zucht\/deformierte-eier\/\" title=\"Deformierte Eier\"><img decoding=\"async\" src=\"https:\/\/www.birds-online.de\/wp-content\/uploads\/2020\/04\/beitragsbild_deformierte_eier-150x150.jpg\" width=\"100\" alt=\"Deformierte Eier\" \/><\/a><\/div> <h3 class=\"page-list-ext-title\"><a href=\"https:\/\/www.birds-online.de\/wp\/bo\/zucht\/probleme-bei-der-zucht\/deformierte-eier\/\" title=\"Deformierte Eier\">Deformierte Eier<\/a><\/h3><div class=\"page-list-ext-item-content\">Infos \u00fcber Ursachen f\u00fcr das Auftreten deformierter Eier<\/div><\/div>\n\n<\/div>\n<\/div><\/div>\n","protected":false},"excerpt":{"rendered":"<p>Informationen dar\u00fcber, weshalb sich Windeier bilden und wie sie aussehen<\/p>\n","protected":false},"author":1,"featured_media":16240,"parent":996,"menu_order":21,"comment_status":"closed","ping_status":"closed","template":"","meta":{"footnotes":""},"class_list":["post-998","page","type-page","status-publish","has-post-thumbnail","hentry"],"_links":{"self":[{"href":"https:\/\/www.birds-online.de\/wp\/wp-json\/wp\/v2\/pages\/998","targetHints":{"allow":["GET"]}}],"collection":[{"href":"https:\/\/www.birds-online.de\/wp\/wp-json\/wp\/v2\/pages"}],"about":[{"href":"https:\/\/www.birds-online.de\/wp\/wp-json\/wp\/v2\/types\/page"}],"author":[{"embeddable":true,"href":"https:\/\/www.birds-online.de\/wp\/wp-json\/wp\/v2\/users\/1"}],"replies":[{"embeddable":true,"href":"https:\/\/www.birds-online.de\/wp\/wp-json\/wp\/v2\/comments?post=998"}],"version-history":[{"count":0,"href":"https:\/\/www.birds-online.de\/wp\/wp-json\/wp\/v2\/pages\/998\/revisions"}],"up":[{"embeddable":true,"href":"https:\/\/www.birds-online.de\/wp\/wp-json\/wp\/v2\/pages\/996"}],"wp:featuredmedia":[{"embeddable":true,"href":"https:\/\/www.birds-online.de\/wp\/wp-json\/wp\/v2\/media\/16240"}],"wp:attachment":[{"href":"https:\/\/www.birds-online.de\/wp\/wp-json\/wp\/v2\/media?parent=998"}],"curies":[{"name":"wp","href":"https:\/\/api.w.org\/{rel}","templated":true}]}}